{"id":5666,"date":"2021-04-23T19:24:54","date_gmt":"2021-04-23T19:24:54","guid":{"rendered":"https:\/\/slateblue-koala-488807.hostingersite.com\/?post_type=product&#038;p=5666"},"modified":"2022-11-09T16:57:44","modified_gmt":"2022-11-09T16:57:44","slug":"turbo-fino-trf-corte-humedo-y-seco","status":"publish","type":"product","link":"https:\/\/ghelfi.com.ar\/pt\/producto\/turbo-fino-trf-corte-humedo-y-seco\/","title":{"rendered":"TURBO FINO &#8211; TRF &#8211; CORTE HUMEDO Y SECO"},"content":{"rendered":"<h2 class=\"producto-descripcion\">Disco diamantado turbo fino trf \u00f8115 mm.-4- 1,2&#8243; sp115 mota en h\u00famedo y seco. para porcelanato, mosaicos, cer\u00e1mica y azulejos. max. 12.800 rpm.<\/h2>\n","protected":false},"excerpt":{"rendered":"<p>Disco diamantado turbo fino trf \u00f8115 mm.-4- 1,2&#8243; sp115 mota en h\u00famedo y seco. para porcelanato, mosaicos, cer\u00e1mica y azulejos. max. 12.800 rpm.<\/p>\n","protected":false},"featured_media":5668,"template":"","meta":[],"product_brand":[],"product_cat":[1340],"product_tag":[],"class_list":{"0":"post-5666","1":"product","2":"type-product","3":"status-publish","4":"has-post-thumbnail","6":"product_cat-herramientas-de-marcacion-y-medicion","8":"first","9":"instock","10":"shipping-taxable","11":"purchasable","12":"product-type-simple"},"_links":{"self":[{"href":"https:\/\/ghelfi.com.ar\/pt\/wp-json\/wp\/v2\/product\/5666","targetHints":{"allow":["GET"]}}],"collection":[{"href":"https:\/\/ghelfi.com.ar\/pt\/wp-json\/wp\/v2\/product"}],"about":[{"href":"https:\/\/ghelfi.com.ar\/pt\/wp-json\/wp\/v2\/types\/product"}],"wp:featuredmedia":[{"embeddable":true,"href":"https:\/\/ghelfi.com.ar\/pt\/wp-json\/wp\/v2\/media\/5668"}],"wp:attachment":[{"href":"https:\/\/ghelfi.com.ar\/pt\/wp-json\/wp\/v2\/media?parent=5666"}],"wp:term":[{"taxonomy":"product_brand","embeddable":true,"href":"https:\/\/ghelfi.com.ar\/pt\/wp-json\/wp\/v2\/product_brand?post=5666"},{"taxonomy":"product_cat","embeddable":true,"href":"https:\/\/ghelfi.com.ar\/pt\/wp-json\/wp\/v2\/product_cat?post=5666"},{"taxonomy":"product_tag","embeddable":true,"href":"https:\/\/ghelfi.com.ar\/pt\/wp-json\/wp\/v2\/product_tag?post=5666"}],"curies":[{"name":"wp","href":"https:\/\/api.w.org\/{rel}","templated":true}]}}