{"id":513,"date":"2015-08-24T19:44:43","date_gmt":"2015-08-24T19:44:43","guid":{"rendered":"https:\/\/slateblue-koala-488807.hostingersite.com\/?post_type=product&#038;p=513"},"modified":"2022-11-09T16:48:52","modified_gmt":"2022-11-09T16:48:52","slug":"juego-de-bocallaves-y-accesorios-encastre-12-26-piezas","status":"publish","type":"product","link":"https:\/\/ghelfi.com.ar\/pt\/producto\/juego-de-bocallaves-y-accesorios-encastre-12-26-piezas\/","title":{"rendered":"JUEGO DE BOCALLAVES Y ACCESORIOS ENCASTRE 1\/2&#8221; &#8211; 32PIEZAS"},"content":{"rendered":"<p class=\"qtranxs-available-languages-message qtranxs-available-languages-message-pt\">Desculpe, este conte\u00fado s\u00f3 est\u00e1 dispon\u00edvel em <a href=\"https:\/\/ghelfi.com.ar\/es\/wp-json\/wp\/v2\/product\/513\" class=\"qtranxs-available-language-link qtranxs-available-language-link-es\" title=\"Espa\u00f1ol\">Espa\u00f1ol<\/a>.<\/p><p>19 Tubos Hexagonales :<br \/>\n8, 9, 10, 11, 12, 13, 14, 15, 16, 17, 18, 19, 20, 21, 22, 24, 27, 30, 32 mm<\/p>\n<p>6 Bocallaves Estrella\u00a0 :<\/p>\n<p>8, 9, 10, 11, 12, 13 mm<\/p>\n<p>7 Accesorios :<\/p>\n<p>2 Sacabuj\u00edas: 16 y 21 mm<br \/>\n2 Prolonagaciones: 125 y 250 mm<br \/>\n1 Movimiento Universal<br \/>\n1 Llave de Carraca: 45 dientes<br \/>\n1 Adaptador hexagonal<\/p>\n<p>&nbsp;<\/p>\n<p>[:<\/p>","protected":false},"excerpt":{"rendered":"<p>Desculpe, este conte\u00fado s\u00f3 est\u00e1 dispon\u00edvel em Espa\u00f1ol.19 Tubos Hexagonales : 8, 9, 10, 11, 12, 13, 14, 15, 16, 17, 18, 19, 20, 21, 22, 24, 27, 30, 32 mm 6 Bocallaves Estrella\u00a0 : 8, 9, 10, 11, 12, 13 mm 7 Accesorios : 2 Sacabuj\u00edas: 16 y 21 mm 2 Prolonagaciones: 125 y [&hellip;]<\/p>\n","protected":false},"featured_media":4948,"template":"","meta":[],"product_brand":[],"product_cat":[1331],"product_tag":[12,72,143,210,558,738],"class_list":{"0":"post-513","1":"product","2":"type-product","3":"status-publish","4":"has-post-thumbnail","6":"product_cat-llaves-combinadas-metricas-criquet-articuladas","7":"product_tag-12","8":"product_tag-26-piezas","9":"product_tag-accesorios","10":"product_tag-bocallaves","11":"product_tag-ek12","12":"product_tag-juego","14":"first","15":"instock","16":"virtual","17":"purchasable","18":"product-type-simple"},"_links":{"self":[{"href":"https:\/\/ghelfi.com.ar\/pt\/wp-json\/wp\/v2\/product\/513","targetHints":{"allow":["GET"]}}],"collection":[{"href":"https:\/\/ghelfi.com.ar\/pt\/wp-json\/wp\/v2\/product"}],"about":[{"href":"https:\/\/ghelfi.com.ar\/pt\/wp-json\/wp\/v2\/types\/product"}],"wp:featuredmedia":[{"embeddable":true,"href":"https:\/\/ghelfi.com.ar\/pt\/wp-json\/wp\/v2\/media\/4948"}],"wp:attachment":[{"href":"https:\/\/ghelfi.com.ar\/pt\/wp-json\/wp\/v2\/media?parent=513"}],"wp:term":[{"taxonomy":"product_brand","embeddable":true,"href":"https:\/\/ghelfi.com.ar\/pt\/wp-json\/wp\/v2\/product_brand?post=513"},{"taxonomy":"product_cat","embeddable":true,"href":"https:\/\/ghelfi.com.ar\/pt\/wp-json\/wp\/v2\/product_cat?post=513"},{"taxonomy":"product_tag","embeddable":true,"href":"https:\/\/ghelfi.com.ar\/pt\/wp-json\/wp\/v2\/product_tag?post=513"}],"curies":[{"name":"wp","href":"https:\/\/api.w.org\/{rel}","templated":true}]}}