{"id":487,"date":"2015-08-24T18:58:33","date_gmt":"2015-08-24T18:58:33","guid":{"rendered":"https:\/\/slateblue-koala-488807.hostingersite.com\/?post_type=product&#038;p=487"},"modified":"2022-11-09T16:41:23","modified_gmt":"2022-11-09T16:41:23","slug":"taladro-reversible-de-13-mm","status":"publish","type":"product","link":"https:\/\/ghelfi.com.ar\/pt\/producto\/taladro-reversible-de-13-mm\/","title":{"rendered":"TALADRO REVERSIBLE DE 13 MM"},"content":{"rendered":"<p>Consumo de ar; 0,50 m3 \/ min. Chuck capacidade: 13 mil\u00edmetros.<\/p>\n<p>No sentido hor\u00e1rio e anti-hor\u00e1rio. Pega ergon\u00f3mica.<\/p>\n<p>Inclui: al\u00e7a lateral, chave de mandril, o corte manual.<\/p>","protected":false},"excerpt":{"rendered":"<p>Consumo de ar; 0,50 m3 \/ min. Chuck capacidade: 13 mil\u00edmetros.<\/p>\n<p>No sentido hor\u00e1rio e anti-hor\u00e1rio. Pega ergon\u00f3mica.<\/p>\n<p>Inclui: al\u00e7a lateral, chave de mandril, o corte manual.<\/p>\n","protected":false},"featured_media":5116,"template":"","meta":[],"product_brand":[],"product_cat":[1329],"product_tag":[35,140,1099,1224],"class_list":{"0":"post-487","1":"product","2":"type-product","3":"status-publish","4":"has-post-thumbnail","6":"product_cat-herramientas-neumaticas-accesorios-lubricante-lubrimota","7":"product_tag-13mm","8":"product_tag-a400","9":"product_tag-reversible","10":"product_tag-taladro","12":"first","13":"instock","14":"virtual","15":"purchasable","16":"product-type-simple"},"_links":{"self":[{"href":"https:\/\/ghelfi.com.ar\/pt\/wp-json\/wp\/v2\/product\/487","targetHints":{"allow":["GET"]}}],"collection":[{"href":"https:\/\/ghelfi.com.ar\/pt\/wp-json\/wp\/v2\/product"}],"about":[{"href":"https:\/\/ghelfi.com.ar\/pt\/wp-json\/wp\/v2\/types\/product"}],"wp:featuredmedia":[{"embeddable":true,"href":"https:\/\/ghelfi.com.ar\/pt\/wp-json\/wp\/v2\/media\/5116"}],"wp:attachment":[{"href":"https:\/\/ghelfi.com.ar\/pt\/wp-json\/wp\/v2\/media?parent=487"}],"wp:term":[{"taxonomy":"product_brand","embeddable":true,"href":"https:\/\/ghelfi.com.ar\/pt\/wp-json\/wp\/v2\/product_brand?post=487"},{"taxonomy":"product_cat","embeddable":true,"href":"https:\/\/ghelfi.com.ar\/pt\/wp-json\/wp\/v2\/product_cat?post=487"},{"taxonomy":"product_tag","embeddable":true,"href":"https:\/\/ghelfi.com.ar\/pt\/wp-json\/wp\/v2\/product_tag?post=487"}],"curies":[{"name":"wp","href":"https:\/\/api.w.org\/{rel}","templated":true}]}}