{"id":467,"date":"2015-08-24T18:21:50","date_gmt":"2015-08-24T18:21:50","guid":{"rendered":"https:\/\/slateblue-koala-488807.hostingersite.com\/?post_type=product&#038;p=467"},"modified":"2022-11-09T16:56:22","modified_gmt":"2022-11-09T16:56:22","slug":"pulverizadora-con-deposito-metalico","status":"publish","type":"product","link":"https:\/\/ghelfi.com.ar\/pt\/producto\/pulverizadora-con-deposito-metalico\/","title":{"rendered":"PULVERIZADORA CON DEP\u00d3SITO MET\u00c1LICO"},"content":{"rendered":"<p>Pistola com bronze pico.<\/p>\n<p>Ele tem uma porca de regula\u00e7\u00e3o do fluido.<\/p>\n<p>Unidade gatilho anat\u00f4mico.<\/p>\n<p>Corpo de alum\u00ednio. Dep\u00f3sito met\u00e1lico.<\/p>","protected":false},"excerpt":{"rendered":"<p>Pistola com bronze pico.<\/p>\n<p>Ele tem uma porca de regula\u00e7\u00e3o do fluido.<\/p>\n<p>Unidade gatilho anat\u00f4mico.<\/p>\n<p>Corpo de alum\u00ednio. Dep\u00f3sito met\u00e1lico.<\/p>\n","protected":false},"featured_media":5108,"template":"","meta":[],"product_brand":[],"product_cat":[1330],"product_tag":[372,850,1003,1034,1151],"class_list":{"0":"post-467","1":"product","2":"type-product","3":"status-publish","4":"has-post-thumbnail","6":"product_cat-pistolas-de-pintar-sopletear-y-inflar-accesorios","7":"product_tag-deposito","8":"product_tag-metalico","9":"product_tag-pisr","10":"product_tag-pulverizadora","11":"product_tag-spray","13":"first","14":"instock","15":"virtual","16":"purchasable","17":"product-type-simple"},"_links":{"self":[{"href":"https:\/\/ghelfi.com.ar\/pt\/wp-json\/wp\/v2\/product\/467","targetHints":{"allow":["GET"]}}],"collection":[{"href":"https:\/\/ghelfi.com.ar\/pt\/wp-json\/wp\/v2\/product"}],"about":[{"href":"https:\/\/ghelfi.com.ar\/pt\/wp-json\/wp\/v2\/types\/product"}],"wp:featuredmedia":[{"embeddable":true,"href":"https:\/\/ghelfi.com.ar\/pt\/wp-json\/wp\/v2\/media\/5108"}],"wp:attachment":[{"href":"https:\/\/ghelfi.com.ar\/pt\/wp-json\/wp\/v2\/media?parent=467"}],"wp:term":[{"taxonomy":"product_brand","embeddable":true,"href":"https:\/\/ghelfi.com.ar\/pt\/wp-json\/wp\/v2\/product_brand?post=467"},{"taxonomy":"product_cat","embeddable":true,"href":"https:\/\/ghelfi.com.ar\/pt\/wp-json\/wp\/v2\/product_cat?post=467"},{"taxonomy":"product_tag","embeddable":true,"href":"https:\/\/ghelfi.com.ar\/pt\/wp-json\/wp\/v2\/product_tag?post=467"}],"curies":[{"name":"wp","href":"https:\/\/api.w.org\/{rel}","templated":true}]}}