{"id":459,"date":"2015-08-24T18:12:36","date_gmt":"2015-08-24T18:12:36","guid":{"rendered":"https:\/\/slateblue-koala-488807.hostingersite.com\/?post_type=product&#038;p=459"},"modified":"2022-11-09T16:56:23","modified_gmt":"2022-11-09T16:56:23","slug":"boquilla-de-inflar-universal","status":"publish","type":"product","link":"https:\/\/ghelfi.com.ar\/pt\/producto\/boquilla-de-inflar-universal\/","title":{"rendered":"BOQUILLA DE INFLAR UNIVERSAL"},"content":{"rendered":"<p>Ideal para pneus duplos convencionais. Material: liga.<\/p>\n<p>PNC: Fechamento de fixa\u00e7\u00e3o da mangueira de entrada com 6 mil\u00edmetros.<\/p>","protected":false},"excerpt":{"rendered":"<p>Ideal para pneus duplos convencionais. Material: liga.<\/p>\n<p>PNC: Fechamento de fixa\u00e7\u00e3o da mangueira de entrada com 6 mil\u00edmetros.<\/p>\n","protected":false},"featured_media":5174,"template":"","meta":[],"product_brand":[],"product_cat":[1330],"product_tag":[115,730,993,1015,1281],"class_list":{"0":"post-459","1":"product","2":"type-product","3":"status-publish","4":"has-post-thumbnail","6":"product_cat-pistolas-de-pintar-sopletear-y-inflar-accesorios","7":"product_tag-6mm","8":"product_tag-inflar","9":"product_tag-pico","10":"product_tag-pnc","11":"product_tag-universal","13":"first","14":"instock","15":"virtual","16":"purchasable","17":"product-type-simple"},"_links":{"self":[{"href":"https:\/\/ghelfi.com.ar\/pt\/wp-json\/wp\/v2\/product\/459","targetHints":{"allow":["GET"]}}],"collection":[{"href":"https:\/\/ghelfi.com.ar\/pt\/wp-json\/wp\/v2\/product"}],"about":[{"href":"https:\/\/ghelfi.com.ar\/pt\/wp-json\/wp\/v2\/types\/product"}],"wp:featuredmedia":[{"embeddable":true,"href":"https:\/\/ghelfi.com.ar\/pt\/wp-json\/wp\/v2\/media\/5174"}],"wp:attachment":[{"href":"https:\/\/ghelfi.com.ar\/pt\/wp-json\/wp\/v2\/media?parent=459"}],"wp:term":[{"taxonomy":"product_brand","embeddable":true,"href":"https:\/\/ghelfi.com.ar\/pt\/wp-json\/wp\/v2\/product_brand?post=459"},{"taxonomy":"product_cat","embeddable":true,"href":"https:\/\/ghelfi.com.ar\/pt\/wp-json\/wp\/v2\/product_cat?post=459"},{"taxonomy":"product_tag","embeddable":true,"href":"https:\/\/ghelfi.com.ar\/pt\/wp-json\/wp\/v2\/product_tag?post=459"}],"curies":[{"name":"wp","href":"https:\/\/api.w.org\/{rel}","templated":true}]}}