{"id":429,"date":"2015-08-24T17:05:45","date_gmt":"2015-08-24T17:05:45","guid":{"rendered":"https:\/\/slateblue-koala-488807.hostingersite.com\/?post_type=product&#038;p=429"},"modified":"2022-11-09T16:55:00","modified_gmt":"2022-11-09T16:55:00","slug":"pistola-revoque-plastico-texturado","status":"publish","type":"product","link":"https:\/\/ghelfi.com.ar\/pt\/producto\/pistola-revoque-plastico-texturado\/","title":{"rendered":"PISTOLA REVOQUE PLASTICO TEXTURADO"},"content":{"rendered":"<p>Por: home aplica\u00e7\u00e3o de revestimento pl\u00e1stico e trabalho.<\/p>\n<p>Material: bico de a\u00e7o inoxid\u00e1vel e agulha, corpo de alum\u00ednio.<\/p>\n<p>Inclui 3 bicos: 4,0 e 6,0 mm para os materiais de m\u00e9dia viscosidade<\/p>\n<p>e 8,0 mm para os materiais de alta viscosidade. 1 conector de alum\u00ednio<\/p>\n<p>corpo de alum\u00ednio, funil de pl\u00e1stico com al\u00e7a e corte manual.<\/p>\n<p>Info: ergon\u00f3mico reten\u00e7\u00e3o de trava do gatilho para evitar a fadiga. encaixotado.<\/p>","protected":false},"excerpt":{"rendered":"<p>Por: home aplica\u00e7\u00e3o de revestimento pl\u00e1stico e trabalho.<\/p>\n<p>Material: bico de a\u00e7o inoxid\u00e1vel e agulha, corpo de alum\u00ednio.<\/p>\n<p>Inclui 3 bicos: 4,0 e 6,0 mm para os materiais de m\u00e9dia viscosidade<\/p>\n<p>e 8,0 mm para os materiais de alta viscosidade. 1 conector de alum\u00ednio<\/p>\n<p>corpo de alum\u00ednio, funil de pl\u00e1stico com al\u00e7a e corte manual.<\/p>\n<p>Info: ergon\u00f3mico reten\u00e7\u00e3o de trava do gatilho para evitar a fadiga. encaixotado.<\/p>\n","protected":false},"featured_media":431,"template":"","meta":[],"product_brand":[],"product_cat":[1330],"product_tag":[949,1005,1013,1100,1233],"class_list":{"0":"post-429","1":"product","2":"type-product","3":"status-publish","4":"has-post-thumbnail","6":"product_cat-pistolas-de-pintar-sopletear-y-inflar-accesorios","7":"product_tag-p300","8":"product_tag-pistola","9":"product_tag-plastico","10":"product_tag-revex","11":"product_tag-texturado","13":"first","14":"instock","15":"virtual","16":"purchasable","17":"product-type-simple"},"_links":{"self":[{"href":"https:\/\/ghelfi.com.ar\/pt\/wp-json\/wp\/v2\/product\/429","targetHints":{"allow":["GET"]}}],"collection":[{"href":"https:\/\/ghelfi.com.ar\/pt\/wp-json\/wp\/v2\/product"}],"about":[{"href":"https:\/\/ghelfi.com.ar\/pt\/wp-json\/wp\/v2\/types\/product"}],"wp:featuredmedia":[{"embeddable":true,"href":"https:\/\/ghelfi.com.ar\/pt\/wp-json\/wp\/v2\/media\/431"}],"wp:attachment":[{"href":"https:\/\/ghelfi.com.ar\/pt\/wp-json\/wp\/v2\/media?parent=429"}],"wp:term":[{"taxonomy":"product_brand","embeddable":true,"href":"https:\/\/ghelfi.com.ar\/pt\/wp-json\/wp\/v2\/product_brand?post=429"},{"taxonomy":"product_cat","embeddable":true,"href":"https:\/\/ghelfi.com.ar\/pt\/wp-json\/wp\/v2\/product_cat?post=429"},{"taxonomy":"product_tag","embeddable":true,"href":"https:\/\/ghelfi.com.ar\/pt\/wp-json\/wp\/v2\/product_tag?post=429"}],"curies":[{"name":"wp","href":"https:\/\/api.w.org\/{rel}","templated":true}]}}