{"id":425,"date":"2015-08-24T16:54:35","date_gmt":"2015-08-24T16:54:35","guid":{"rendered":"https:\/\/slateblue-koala-488807.hostingersite.com\/?post_type=product&#038;p=425"},"modified":"2022-11-09T16:56:04","modified_gmt":"2022-11-09T16:56:04","slug":"sistema-de-gravedad-alta-viscosidad","status":"publish","type":"product","link":"https:\/\/ghelfi.com.ar\/pt\/producto\/sistema-de-gravedad-alta-viscosidad\/","title":{"rendered":"PISTOLA SISTEMA DE GRAVEDAD ALTA VISCOSIDAD"},"content":{"rendered":"<p>Airbrush de alta qualidade.<\/p>\n<p>Especialmente recomendados para aplica\u00e7\u00e3o de tintas de alta viscosidade.<\/p>\n<p>Especifica para m\u00e1quinas pintura, navios, etc.<\/p>\n<p>Corpo de alum\u00ednio.<\/p>\n<p>O kit inclui: vaso de pl\u00e1stico com tampa de p\u00f3s-gradua\u00e7\u00e3o, pico 3,0 mil\u00edmetros,<\/p>\n<p>filtro de pl\u00e1stico RACORD acoplamento f\u00eamea, o desarmamento e limpeza kit, corte manual.<\/p>","protected":false},"excerpt":{"rendered":"<p>Airbrush de alta qualidade.<\/p>\n<p>Especialmente recomendados para aplica\u00e7\u00e3o de tintas de alta viscosidade.<\/p>\n<p>Especifica para m\u00e1quinas pintura, navios, etc.<\/p>\n<p>Corpo de alum\u00ednio.<\/p>\n<p>O kit inclui: vaso de pl\u00e1stico com tampa de p\u00f3s-gradua\u00e7\u00e3o, pico 3,0 mil\u00edmetros,<\/p>\n<p>filtro de pl\u00e1stico RACORD acoplamento f\u00eamea, o desarmamento e limpeza kit, corte manual.<\/p>\n","protected":false},"featured_media":427,"template":"","meta":[],"product_brand":[],"product_cat":[1330],"product_tag":[162,707,977,1143,1286],"class_list":{"0":"post-425","1":"product","2":"type-product","3":"status-publish","4":"has-post-thumbnail","6":"product_cat-pistolas-de-pintar-sopletear-y-inflar-accesorios","7":"product_tag-alta","8":"product_tag-gravedad","9":"product_tag-p900","10":"product_tag-sistema","11":"product_tag-viscosidad","13":"first","14":"instock","15":"virtual","16":"purchasable","17":"product-type-simple"},"_links":{"self":[{"href":"https:\/\/ghelfi.com.ar\/pt\/wp-json\/wp\/v2\/product\/425","targetHints":{"allow":["GET"]}}],"collection":[{"href":"https:\/\/ghelfi.com.ar\/pt\/wp-json\/wp\/v2\/product"}],"about":[{"href":"https:\/\/ghelfi.com.ar\/pt\/wp-json\/wp\/v2\/types\/product"}],"wp:featuredmedia":[{"embeddable":true,"href":"https:\/\/ghelfi.com.ar\/pt\/wp-json\/wp\/v2\/media\/427"}],"wp:attachment":[{"href":"https:\/\/ghelfi.com.ar\/pt\/wp-json\/wp\/v2\/media?parent=425"}],"wp:term":[{"taxonomy":"product_brand","embeddable":true,"href":"https:\/\/ghelfi.com.ar\/pt\/wp-json\/wp\/v2\/product_brand?post=425"},{"taxonomy":"product_cat","embeddable":true,"href":"https:\/\/ghelfi.com.ar\/pt\/wp-json\/wp\/v2\/product_cat?post=425"},{"taxonomy":"product_tag","embeddable":true,"href":"https:\/\/ghelfi.com.ar\/pt\/wp-json\/wp\/v2\/product_tag?post=425"}],"curies":[{"name":"wp","href":"https:\/\/api.w.org\/{rel}","templated":true}]}}