{"id":417,"date":"2015-08-24T16:38:07","date_gmt":"2015-08-24T16:38:07","guid":{"rendered":"https:\/\/slateblue-koala-488807.hostingersite.com\/?post_type=product&#038;p=417"},"modified":"2022-11-09T16:55:19","modified_gmt":"2022-11-09T16:55:19","slug":"pistola-de-pintar-sistema-succion-p600","status":"publish","type":"product","link":"https:\/\/ghelfi.com.ar\/pt\/producto\/pistola-de-pintar-sistema-succion-p600\/","title":{"rendered":"PISTOLA PINTAR PREMIUM SUCCION RECIPIENTE METAL"},"content":{"rendered":"<p>Alto volume, press\u00e3o m\u00e9dia.<\/p>\n<p>Economiza tinta e preserva o meio ambiente.<\/p>\n<p>resiste a tinta \u00e0 base de \u00e1gua e base solvente.<\/p>\n<p>Pico e agulha de a\u00e7o inoxid\u00e1vel.<\/p>\n<p>Corpo de alum\u00ednio.<\/p>\n<p>O kit inclui: recipiente de metal e pl\u00e1stico defletor, 1,7 mil\u00edmetros de pico, filtro de metal, anexar racord f\u00eamea, chave de desarmamento e de corte manual.<\/p>","protected":false},"excerpt":{"rendered":"<p>Alto volume, press\u00e3o m\u00e9dia.<\/p>\n<p>Economiza tinta e preserva o meio ambiente.<\/p>\n<p>resiste a tinta \u00e0 base de \u00e1gua e base solvente.<\/p>\n<p>Pico e agulha de a\u00e7o inoxid\u00e1vel.<\/p>\n<p>Corpo de alum\u00ednio.<\/p>\n<p>O kit inclui: recipiente de metal e pl\u00e1stico defletor, 1,7 mil\u00edmetros de pico, filtro de metal, anexar racord f\u00eamea, chave de desarmamento e de corte manual.<\/p>\n","protected":false},"featured_media":5146,"template":"","meta":[],"product_brand":[],"product_cat":[1330],"product_tag":[964,998,1005,1143,1161],"class_list":{"0":"post-417","1":"product","2":"type-product","3":"status-publish","4":"has-post-thumbnail","6":"product_cat-pistolas-de-pintar-sopletear-y-inflar-accesorios","7":"product_tag-p600","8":"product_tag-pintar","9":"product_tag-pistola","10":"product_tag-sistema","11":"product_tag-succion","13":"first","14":"instock","15":"virtual","16":"purchasable","17":"product-type-simple"},"_links":{"self":[{"href":"https:\/\/ghelfi.com.ar\/pt\/wp-json\/wp\/v2\/product\/417","targetHints":{"allow":["GET"]}}],"collection":[{"href":"https:\/\/ghelfi.com.ar\/pt\/wp-json\/wp\/v2\/product"}],"about":[{"href":"https:\/\/ghelfi.com.ar\/pt\/wp-json\/wp\/v2\/types\/product"}],"wp:featuredmedia":[{"embeddable":true,"href":"https:\/\/ghelfi.com.ar\/pt\/wp-json\/wp\/v2\/media\/5146"}],"wp:attachment":[{"href":"https:\/\/ghelfi.com.ar\/pt\/wp-json\/wp\/v2\/media?parent=417"}],"wp:term":[{"taxonomy":"product_brand","embeddable":true,"href":"https:\/\/ghelfi.com.ar\/pt\/wp-json\/wp\/v2\/product_brand?post=417"},{"taxonomy":"product_cat","embeddable":true,"href":"https:\/\/ghelfi.com.ar\/pt\/wp-json\/wp\/v2\/product_cat?post=417"},{"taxonomy":"product_tag","embeddable":true,"href":"https:\/\/ghelfi.com.ar\/pt\/wp-json\/wp\/v2\/product_tag?post=417"}],"curies":[{"name":"wp","href":"https:\/\/api.w.org\/{rel}","templated":true}]}}