{"id":413,"date":"2015-08-24T16:29:31","date_gmt":"2015-08-24T16:29:31","guid":{"rendered":"https:\/\/slateblue-koala-488807.hostingersite.com\/?post_type=product&#038;p=413"},"modified":"2022-11-09T16:55:47","modified_gmt":"2022-11-09T16:55:47","slug":"juego-de-pistola-hvlp-11-piezas","status":"publish","type":"product","link":"https:\/\/ghelfi.com.ar\/pt\/producto\/juego-de-pistola-hvlp-11-piezas\/","title":{"rendered":"PISTOLA PINTAR H.V.L.P PREMIUM EN CAJA C\/ACCESORIOS"},"content":{"rendered":"<p>Para: supermercados, carros completos e ve\u00edculos comerciais.<br \/>\n\u00c0 base de \u00e1gua e \u00e0 base de solvente de tinta.<\/p>\n<p>Material: Pico e agulha de a\u00e7o inoxid\u00e1vel. Corpo de alum\u00ednio.<\/p>\n<p>Inclui: Calibre P700, filtro de pl\u00e1stico, recipiente descart\u00e1vel titular 5 cc dep\u00f3sitos descart\u00e1veis 260,<br \/>\ndesarmamento e limpeza kit, corte manual.<\/p>\n<p>Info: alto volume. Baixa Press\u00e3o. Na caixa de pl\u00e1stico.<\/p>","protected":false},"excerpt":{"rendered":"<p>Para: supermercados, carros completos e ve\u00edculos comerciais.<br \/>\n\u00c0 base de \u00e1gua e \u00e0 base de solvente de tinta.<\/p>\n<p>Material: Pico e agulha de a\u00e7o inoxid\u00e1vel. Corpo de alum\u00ednio.<\/p>\n<p>Inclui: Calibre P700, filtro de pl\u00e1stico, recipiente descart\u00e1vel titular 5 cc dep\u00f3sitos descart\u00e1veis 260,<br \/>\ndesarmamento e limpeza kit, corte manual.<\/p>\n<p>Info: alto volume. Baixa Press\u00e3o. Na caixa de pl\u00e1stico.<\/p>\n","protected":false},"featured_media":415,"template":"","meta":[],"product_brand":[],"product_cat":[1330],"product_tag":[143,145,149,972,993,1007,1149],"class_list":{"0":"post-413","1":"product","2":"type-product","3":"status-publish","4":"has-post-thumbnail","6":"product_cat-pistolas-de-pintar-sopletear-y-inflar-accesorios","7":"product_tag-accesorios","8":"product_tag-acero","9":"product_tag-aguja","10":"product_tag-p700b","11":"product_tag-pico","12":"product_tag-pistolas-de-pintar","13":"product_tag-sopletear","15":"first","16":"instock","17":"virtual","18":"purchasable","19":"product-type-simple"},"_links":{"self":[{"href":"https:\/\/ghelfi.com.ar\/pt\/wp-json\/wp\/v2\/product\/413","targetHints":{"allow":["GET"]}}],"collection":[{"href":"https:\/\/ghelfi.com.ar\/pt\/wp-json\/wp\/v2\/product"}],"about":[{"href":"https:\/\/ghelfi.com.ar\/pt\/wp-json\/wp\/v2\/types\/product"}],"wp:featuredmedia":[{"embeddable":true,"href":"https:\/\/ghelfi.com.ar\/pt\/wp-json\/wp\/v2\/media\/415"}],"wp:attachment":[{"href":"https:\/\/ghelfi.com.ar\/pt\/wp-json\/wp\/v2\/media?parent=413"}],"wp:term":[{"taxonomy":"product_brand","embeddable":true,"href":"https:\/\/ghelfi.com.ar\/pt\/wp-json\/wp\/v2\/product_brand?post=413"},{"taxonomy":"product_cat","embeddable":true,"href":"https:\/\/ghelfi.com.ar\/pt\/wp-json\/wp\/v2\/product_cat?post=413"},{"taxonomy":"product_tag","embeddable":true,"href":"https:\/\/ghelfi.com.ar\/pt\/wp-json\/wp\/v2\/product_tag?post=413"}],"curies":[{"name":"wp","href":"https:\/\/api.w.org\/{rel}","templated":true}]}}