{"id":3873,"date":"2019-01-24T02:04:30","date_gmt":"2019-01-24T02:04:30","guid":{"rendered":"https:\/\/slateblue-koala-488807.hostingersite.com\/?post_type=product&#038;p=3873"},"modified":"2022-11-09T16:51:50","modified_gmt":"2022-11-09T16:51:50","slug":"pistola-de-pegamento","status":"publish","type":"product","link":"https:\/\/ghelfi.com.ar\/pt\/producto\/pistola-de-pegamento\/","title":{"rendered":"PISTOLA DE PEGAMENTO"},"content":{"rendered":"<p class=\"qtranxs-available-languages-message qtranxs-available-languages-message-pt\">Desculpe, este conte\u00fado s\u00f3 est\u00e1 dispon\u00edvel em <a href=\"https:\/\/ghelfi.com.ar\/es\/wp-json\/wp\/v2\/product\/3873\" class=\"qtranxs-available-language-link qtranxs-available-language-link-es\" title=\"Espa\u00f1ol\">Espa\u00f1ol<\/a>.<\/p><p>Para el pegado, sellado de madera,pl\u00e1stico, espuma de pl\u00e1stico, textiles,<br \/>\ncart\u00f3n, azulejos, cer\u00e1mica, etc.<br \/>\nBarra silicona: \u00d8 11 mm.<br \/>\nVolumen: 16 gr\/min.<br \/>\nPrecalentamiento: 5-8 min.<br \/>\n100-240V~50\/60Hz<br \/>\nPico: \u00d8 2 mm.<\/p>","protected":false},"excerpt":{"rendered":"<p class=\"qtranxs-available-languages-message qtranxs-available-languages-message-pt\">Desculpe, este conte\u00fado s\u00f3 est\u00e1 dispon\u00edvel em <a href=\"https:\/\/ghelfi.com.ar\/es\/wp-json\/wp\/v2\/product\/3873\" class=\"qtranxs-available-language-link qtranxs-available-language-link-es\" title=\"Espa\u00f1ol\">Espa\u00f1ol<\/a>.<\/p>\n<p>Para el pegado, sellado de madera,pl\u00e1stico, espuma de pl\u00e1stico, textiles,<br \/>\ncart\u00f3n, azulejos, cer\u00e1mica, etc.<br \/>\nBarra silicona: \u00d8 11 mm<\/p>\n","protected":false},"featured_media":3877,"template":"","meta":[],"product_brand":[],"product_cat":[1378],"product_tag":[],"class_list":{"0":"post-3873","1":"product","2":"type-product","3":"status-publish","4":"has-post-thumbnail","6":"product_cat-pistola-pegamento-llaves-dakar-edition","8":"first","9":"instock","10":"featured","11":"virtual","12":"purchasable","13":"product-type-simple"},"_links":{"self":[{"href":"https:\/\/ghelfi.com.ar\/pt\/wp-json\/wp\/v2\/product\/3873","targetHints":{"allow":["GET"]}}],"collection":[{"href":"https:\/\/ghelfi.com.ar\/pt\/wp-json\/wp\/v2\/product"}],"about":[{"href":"https:\/\/ghelfi.com.ar\/pt\/wp-json\/wp\/v2\/types\/product"}],"wp:featuredmedia":[{"embeddable":true,"href":"https:\/\/ghelfi.com.ar\/pt\/wp-json\/wp\/v2\/media\/3877"}],"wp:attachment":[{"href":"https:\/\/ghelfi.com.ar\/pt\/wp-json\/wp\/v2\/media?parent=3873"}],"wp:term":[{"taxonomy":"product_brand","embeddable":true,"href":"https:\/\/ghelfi.com.ar\/pt\/wp-json\/wp\/v2\/product_brand?post=3873"},{"taxonomy":"product_cat","embeddable":true,"href":"https:\/\/ghelfi.com.ar\/pt\/wp-json\/wp\/v2\/product_cat?post=3873"},{"taxonomy":"product_tag","embeddable":true,"href":"https:\/\/ghelfi.com.ar\/pt\/wp-json\/wp\/v2\/product_tag?post=3873"}],"curies":[{"name":"wp","href":"https:\/\/api.w.org\/{rel}","templated":true}]}}