{"id":381,"date":"2015-08-23T23:36:59","date_gmt":"2015-08-23T23:36:59","guid":{"rendered":"https:\/\/slateblue-koala-488807.hostingersite.com\/?post_type=product&#038;p=381"},"modified":"2022-11-09T16:55:19","modified_gmt":"2022-11-09T16:55:19","slug":"pistola-de-pintar-sistema-succion-clasic","status":"publish","type":"product","link":"https:\/\/ghelfi.com.ar\/pt\/producto\/pistola-de-pintar-sistema-succion-clasic\/","title":{"rendered":"PISTOLA SISTEMA SUCCION SEMI &#8211; PROFESIONAL"},"content":{"rendered":"<p>Economiza tinta e preserva o meio ambiente.<\/p>\n<p>Efici\u00eancia maior do que a transfer\u00eancia de 75%.<\/p>\n<p>Evite excesso de neblina.<\/p>\n<p>Corpo de alum\u00ednio.<\/p>\n<p>O kit inclui: dep\u00f3sito em dinheiro, pico de 1,5 mm,<\/p>\n<p>controle, corte manual fluir.<\/p>","protected":false},"excerpt":{"rendered":"<p class=\"qtranxs-available-languages-message qtranxs-available-languages-message-pt\">Desculpe, este conte\u00fado s\u00f3 est\u00e1 dispon\u00edvel em <a href=\"https:\/\/ghelfi.com.ar\/es\/wp-json\/wp\/v2\/product\/381\" class=\"qtranxs-available-language-link qtranxs-available-language-link-es\" title=\"Espa\u00f1ol\">Espa\u00f1ol<\/a>.<\/p>\n<p>Ahorra pintura y preserva el medio ambiente.<\/p>\n","protected":false},"featured_media":5148,"template":"","meta":[],"product_brand":[],"product_cat":[1330],"product_tag":[],"class_list":{"0":"post-381","1":"product","2":"type-product","3":"status-publish","4":"has-post-thumbnail","6":"product_cat-pistolas-de-pintar-sopletear-y-inflar-accesorios","8":"first","9":"instock","10":"virtual","11":"purchasable","12":"product-type-simple"},"_links":{"self":[{"href":"https:\/\/ghelfi.com.ar\/pt\/wp-json\/wp\/v2\/product\/381","targetHints":{"allow":["GET"]}}],"collection":[{"href":"https:\/\/ghelfi.com.ar\/pt\/wp-json\/wp\/v2\/product"}],"about":[{"href":"https:\/\/ghelfi.com.ar\/pt\/wp-json\/wp\/v2\/types\/product"}],"wp:featuredmedia":[{"embeddable":true,"href":"https:\/\/ghelfi.com.ar\/pt\/wp-json\/wp\/v2\/media\/5148"}],"wp:attachment":[{"href":"https:\/\/ghelfi.com.ar\/pt\/wp-json\/wp\/v2\/media?parent=381"}],"wp:term":[{"taxonomy":"product_brand","embeddable":true,"href":"https:\/\/ghelfi.com.ar\/pt\/wp-json\/wp\/v2\/product_brand?post=381"},{"taxonomy":"product_cat","embeddable":true,"href":"https:\/\/ghelfi.com.ar\/pt\/wp-json\/wp\/v2\/product_cat?post=381"},{"taxonomy":"product_tag","embeddable":true,"href":"https:\/\/ghelfi.com.ar\/pt\/wp-json\/wp\/v2\/product_tag?post=381"}],"curies":[{"name":"wp","href":"https:\/\/api.w.org\/{rel}","templated":true}]}}