{"id":3614,"date":"2017-03-26T13:59:46","date_gmt":"2017-03-26T13:59:46","guid":{"rendered":"https:\/\/slateblue-koala-488807.hostingersite.com\/?post_type=product&#038;p=3614"},"modified":"2022-11-09T16:57:15","modified_gmt":"2022-11-09T16:57:15","slug":"alicate-aislado-corte-diagonal-150mm-6","status":"publish","type":"product","link":"https:\/\/ghelfi.com.ar\/pt\/producto\/alicate-aislado-corte-diagonal-150mm-6\/","title":{"rendered":"ALICATE AISLADO CORTE DIAGONAL 150MM 6&#8243;"},"content":{"rendered":"<p class=\"qtranxs-available-languages-message qtranxs-available-languages-message-pt\">Desculpe, este conte\u00fado s\u00f3 est\u00e1 dispon\u00edvel em <a href=\"https:\/\/ghelfi.com.ar\/es\/wp-json\/wp\/v2\/product\/3614\" class=\"qtranxs-available-language-link qtranxs-available-language-link-es\" title=\"Espa\u00f1ol\">Espa\u00f1ol<\/a>.<\/p><p>Para todo tipo de cortes en cable de cobre y aluminio.<br \/>\nMangos de aislaci\u00f3n para uso de hasta 1000V.<br \/>\nMaterial de Cromo Vanadio Templado.<br \/>\nTerminacion Pulida.<\/p>","protected":false},"excerpt":{"rendered":"<p>Desculpe, este conte\u00fado s\u00f3 est\u00e1 dispon\u00edvel em Espa\u00f1ol.Para todo tipo de cortes en cable de cobre y aluminio. Mangos de aislaci\u00f3n para uso de hasta 1000V. Material de Cromo Vanadio Templado. Terminacion Pulida.<\/p>\n","protected":false},"featured_media":3616,"template":"","meta":[],"product_brand":[],"product_cat":[1333],"product_tag":[],"class_list":{"0":"post-3614","1":"product","2":"type-product","3":"status-publish","4":"has-post-thumbnail","6":"product_cat-alicates-tijeras-forjadas-corta-pvc-cano","8":"first","9":"instock","10":"virtual","11":"purchasable","12":"product-type-simple"},"_links":{"self":[{"href":"https:\/\/ghelfi.com.ar\/pt\/wp-json\/wp\/v2\/product\/3614","targetHints":{"allow":["GET"]}}],"collection":[{"href":"https:\/\/ghelfi.com.ar\/pt\/wp-json\/wp\/v2\/product"}],"about":[{"href":"https:\/\/ghelfi.com.ar\/pt\/wp-json\/wp\/v2\/types\/product"}],"wp:featuredmedia":[{"embeddable":true,"href":"https:\/\/ghelfi.com.ar\/pt\/wp-json\/wp\/v2\/media\/3616"}],"wp:attachment":[{"href":"https:\/\/ghelfi.com.ar\/pt\/wp-json\/wp\/v2\/media?parent=3614"}],"wp:term":[{"taxonomy":"product_brand","embeddable":true,"href":"https:\/\/ghelfi.com.ar\/pt\/wp-json\/wp\/v2\/product_brand?post=3614"},{"taxonomy":"product_cat","embeddable":true,"href":"https:\/\/ghelfi.com.ar\/pt\/wp-json\/wp\/v2\/product_cat?post=3614"},{"taxonomy":"product_tag","embeddable":true,"href":"https:\/\/ghelfi.com.ar\/pt\/wp-json\/wp\/v2\/product_tag?post=3614"}],"curies":[{"name":"wp","href":"https:\/\/api.w.org\/{rel}","templated":true}]}}