{"id":3613,"date":"2017-03-26T13:55:19","date_gmt":"2017-03-26T13:55:19","guid":{"rendered":"https:\/\/slateblue-koala-488807.hostingersite.com\/?post_type=product&#038;p=3613"},"modified":"2022-11-09T16:57:15","modified_gmt":"2022-11-09T16:57:15","slug":"pinza-universal-aislada-con-corte-200mm-8","status":"publish","type":"product","link":"https:\/\/ghelfi.com.ar\/pt\/producto\/pinza-universal-aislada-con-corte-200mm-8\/","title":{"rendered":"PINZA UNIVERSAL AISLADA CON CORTE 200MM 8&#8243;"},"content":{"rendered":"<p class=\"qtranxs-available-languages-message qtranxs-available-languages-message-pt\">Desculpe, este conte\u00fado s\u00f3 est\u00e1 dispon\u00edvel em <a href=\"https:\/\/ghelfi.com.ar\/es\/wp-json\/wp\/v2\/product\/3613\" class=\"qtranxs-available-language-link qtranxs-available-language-link-es\" title=\"Espa\u00f1ol\">Espa\u00f1ol<\/a>.<\/p><p>Para usos m\u00faltiples incluyendo cortes de cables de cobre y aluminio.<br \/>\nMangos de aislaci\u00f3n pesada para uso hasta 1000V.<br \/>\nMaterial de Cromo Vanadio Templado.<br \/>\nTerminacion Pulida.<\/p>","protected":false},"excerpt":{"rendered":"<p>Desculpe, este conte\u00fado s\u00f3 est\u00e1 dispon\u00edvel em Espa\u00f1ol.Para usos m\u00faltiples incluyendo cortes de cables de cobre y aluminio. Mangos de aislaci\u00f3n pesada para uso hasta 1000V. Material de Cromo Vanadio Templado. Terminacion Pulida.<\/p>\n","protected":false},"featured_media":3615,"template":"","meta":[],"product_brand":[],"product_cat":[1333],"product_tag":[],"class_list":{"0":"post-3613","1":"product","2":"type-product","3":"status-publish","4":"has-post-thumbnail","6":"product_cat-alicates-tijeras-forjadas-corta-pvc-cano","8":"first","9":"instock","10":"virtual","11":"purchasable","12":"product-type-simple"},"_links":{"self":[{"href":"https:\/\/ghelfi.com.ar\/pt\/wp-json\/wp\/v2\/product\/3613","targetHints":{"allow":["GET"]}}],"collection":[{"href":"https:\/\/ghelfi.com.ar\/pt\/wp-json\/wp\/v2\/product"}],"about":[{"href":"https:\/\/ghelfi.com.ar\/pt\/wp-json\/wp\/v2\/types\/product"}],"wp:featuredmedia":[{"embeddable":true,"href":"https:\/\/ghelfi.com.ar\/pt\/wp-json\/wp\/v2\/media\/3615"}],"wp:attachment":[{"href":"https:\/\/ghelfi.com.ar\/pt\/wp-json\/wp\/v2\/media?parent=3613"}],"wp:term":[{"taxonomy":"product_brand","embeddable":true,"href":"https:\/\/ghelfi.com.ar\/pt\/wp-json\/wp\/v2\/product_brand?post=3613"},{"taxonomy":"product_cat","embeddable":true,"href":"https:\/\/ghelfi.com.ar\/pt\/wp-json\/wp\/v2\/product_cat?post=3613"},{"taxonomy":"product_tag","embeddable":true,"href":"https:\/\/ghelfi.com.ar\/pt\/wp-json\/wp\/v2\/product_tag?post=3613"}],"curies":[{"name":"wp","href":"https:\/\/api.w.org\/{rel}","templated":true}]}}