{"id":3609,"date":"2017-03-25T23:05:33","date_gmt":"2017-03-25T23:05:33","guid":{"rendered":"https:\/\/slateblue-koala-488807.hostingersite.com\/?post_type=product&#038;p=3609"},"modified":"2022-11-09T16:46:45","modified_gmt":"2022-11-09T16:46:45","slug":"llavero-destapador-y-destornillador","status":"publish","type":"product","link":"https:\/\/ghelfi.com.ar\/pt\/producto\/llavero-destapador-y-destornillador\/","title":{"rendered":"LLAVERO DESTAPADOR Y DESTORNILLADOR"},"content":{"rendered":"<p class=\"qtranxs-available-languages-message qtranxs-available-languages-message-pt\">Desculpe, este conte\u00fado s\u00f3 est\u00e1 dispon\u00edvel em <a href=\"https:\/\/ghelfi.com.ar\/es\/wp-json\/wp\/v2\/product\/3609\" class=\"qtranxs-available-language-link qtranxs-available-language-link-es\" title=\"Espa\u00f1ol\">Espa\u00f1ol<\/a>.<\/p><p>Tama\u00f1o 75&#215;30 mm.<br \/>\nPuntas: PHILLIPS PH2 y PLANA 6,5 mm.<br \/>\nGrip pl\u00e1stico antideslizante.<br \/>\nCuerpo met\u00e1lico. Terminaci\u00f3n cromada.<br \/>\nArgolla para llavero. En caja.<\/p>\n<p> \t <\/p>","protected":false},"excerpt":{"rendered":"<p>Desculpe, este conte\u00fado s\u00f3 est\u00e1 dispon\u00edvel em Espa\u00f1ol.Tama\u00f1o 75&#215;30 mm. Puntas: PHILLIPS PH2 y PLANA 6,5 mm. Grip pl\u00e1stico antideslizante. Cuerpo met\u00e1lico. Terminaci\u00f3n cromada. Argolla para llavero. En caja.<\/p>\n","protected":false},"featured_media":3608,"template":"","meta":[],"product_brand":[],"product_cat":[1332],"product_tag":[],"class_list":{"0":"post-3609","1":"product","2":"type-product","3":"status-publish","4":"has-post-thumbnail","6":"product_cat-destornilladores-y-puntas","8":"first","9":"instock","10":"virtual","11":"purchasable","12":"product-type-simple"},"_links":{"self":[{"href":"https:\/\/ghelfi.com.ar\/pt\/wp-json\/wp\/v2\/product\/3609","targetHints":{"allow":["GET"]}}],"collection":[{"href":"https:\/\/ghelfi.com.ar\/pt\/wp-json\/wp\/v2\/product"}],"about":[{"href":"https:\/\/ghelfi.com.ar\/pt\/wp-json\/wp\/v2\/types\/product"}],"wp:featuredmedia":[{"embeddable":true,"href":"https:\/\/ghelfi.com.ar\/pt\/wp-json\/wp\/v2\/media\/3608"}],"wp:attachment":[{"href":"https:\/\/ghelfi.com.ar\/pt\/wp-json\/wp\/v2\/media?parent=3609"}],"wp:term":[{"taxonomy":"product_brand","embeddable":true,"href":"https:\/\/ghelfi.com.ar\/pt\/wp-json\/wp\/v2\/product_brand?post=3609"},{"taxonomy":"product_cat","embeddable":true,"href":"https:\/\/ghelfi.com.ar\/pt\/wp-json\/wp\/v2\/product_cat?post=3609"},{"taxonomy":"product_tag","embeddable":true,"href":"https:\/\/ghelfi.com.ar\/pt\/wp-json\/wp\/v2\/product_tag?post=3609"}],"curies":[{"name":"wp","href":"https:\/\/api.w.org\/{rel}","templated":true}]}}