{"id":359,"date":"2015-08-23T22:46:43","date_gmt":"2015-08-23T22:46:43","guid":{"rendered":"https:\/\/slateblue-koala-488807.hostingersite.com\/?post_type=product&#038;p=359"},"modified":"2022-11-09T16:55:38","modified_gmt":"2022-11-09T16:55:38","slug":"pistola-de-pintar-sistema-de-gravedad-h-v-l-p","status":"publish","type":"product","link":"https:\/\/ghelfi.com.ar\/pt\/producto\/pistola-de-pintar-sistema-de-gravedad-h-v-l-p\/","title":{"rendered":"PISTOLA DE PINTAR SISTEMA DE GRAVEDAD H.V.L.P."},"content":{"rendered":"<p>Alto Volume. Baixa Press\u00e3o.<br \/>\nEconomiza tinta e preserva o meio ambiente.<br \/>\nEfici\u00eancia maior do que a transfer\u00eancia de 75%.<br \/>\nEvite o excesso de neblina.<br \/>\nEle resiste a tinta \u00e0 base de \u00e1gua e base solvente<br \/>\nPico e agulha de a\u00e7o inoxid\u00e1vel<br \/>\nCorpo de alum\u00ednio<br \/>\nInclui: Calibre, formado recipiente de pl\u00e1stico com tampa, spike 1,4 mil\u00edmetros, filtro, o desarmamento e limpeza kit, corte manual de pl\u00e1stico.<\/p>","protected":false},"excerpt":{"rendered":"<p>Alto Volume. Baixa Press\u00e3o. Economiza tinta e preserva o meio ambiente. Efici\u00eancia maior do que a transfer\u00eancia de 75%. Evite o excesso de neblina. Ele resiste a tinta \u00e0 base de \u00e1gua e base solvente Pico e agulha de a\u00e7o inoxid\u00e1vel Corpo de alum\u00ednio Inclui: Calibre, formado recipiente de pl\u00e1stico com tampa, spike 1,4 mil\u00edmetros, [&hellip;]<\/p>\n","protected":false},"featured_media":5168,"template":"","meta":[],"product_brand":[],"product_cat":[1330],"product_tag":[],"class_list":{"0":"post-359","1":"product","2":"type-product","3":"status-publish","4":"has-post-thumbnail","6":"product_cat-pistolas-de-pintar-sopletear-y-inflar-accesorios","8":"first","9":"instock","10":"virtual","11":"purchasable","12":"product-type-simple"},"_links":{"self":[{"href":"https:\/\/ghelfi.com.ar\/pt\/wp-json\/wp\/v2\/product\/359","targetHints":{"allow":["GET"]}}],"collection":[{"href":"https:\/\/ghelfi.com.ar\/pt\/wp-json\/wp\/v2\/product"}],"about":[{"href":"https:\/\/ghelfi.com.ar\/pt\/wp-json\/wp\/v2\/types\/product"}],"wp:featuredmedia":[{"embeddable":true,"href":"https:\/\/ghelfi.com.ar\/pt\/wp-json\/wp\/v2\/media\/5168"}],"wp:attachment":[{"href":"https:\/\/ghelfi.com.ar\/pt\/wp-json\/wp\/v2\/media?parent=359"}],"wp:term":[{"taxonomy":"product_brand","embeddable":true,"href":"https:\/\/ghelfi.com.ar\/pt\/wp-json\/wp\/v2\/product_brand?post=359"},{"taxonomy":"product_cat","embeddable":true,"href":"https:\/\/ghelfi.com.ar\/pt\/wp-json\/wp\/v2\/product_cat?post=359"},{"taxonomy":"product_tag","embeddable":true,"href":"https:\/\/ghelfi.com.ar\/pt\/wp-json\/wp\/v2\/product_tag?post=359"}],"curies":[{"name":"wp","href":"https:\/\/api.w.org\/{rel}","templated":true}]}}