{"id":3573,"date":"2017-03-20T15:18:48","date_gmt":"2017-03-20T15:18:48","guid":{"rendered":"https:\/\/slateblue-koala-488807.hostingersite.com\/producto\/juego-de-llaves-torx-largas-9-piezas\/"},"modified":"2022-11-09T16:52:29","modified_gmt":"2022-11-09T16:52:29","slug":"juego-de-llaves-torx-largas-9-piezas","status":"publish","type":"product","link":"https:\/\/ghelfi.com.ar\/pt\/producto\/juego-de-llaves-torx-largas-9-piezas\/","title":{"rendered":"JUEGO DE LLAVES TORX LARGAS 9 PIEZAS"},"content":{"rendered":"<p class=\"qtranxs-available-languages-message qtranxs-available-languages-message-pt\">Desculpe, este conte\u00fado s\u00f3 est\u00e1 dispon\u00edvel em <a href=\"https:\/\/ghelfi.com.ar\/es\/wp-json\/wp\/v2\/product\/3573\" class=\"qtranxs-available-language-link qtranxs-available-language-link-es\" title=\"Espa\u00f1ol\">Espa\u00f1ol<\/a>.<\/p><p>Para atornillar\/desatornillar tornillos de forma estrellada interior de 6 puntas.<br \/>\nPunta ovalada que posibilita el trabajo en \u00e1ngulo.<br \/>\nPerfil L que permite hacer palanca a tornillos en lugares dificiles acceso.<\/p>\n<p>Contiene las siguientes medidas: T10 &#8211; T15 &#8211; T20 &#8211; T25 &#8211; T27 &#8211; T30 &#8211; T40 &#8211; T45 &#8211; T50<\/p>\n<p><\/p>","protected":false},"excerpt":{"rendered":"<p>Desculpe, este conte\u00fado s\u00f3 est\u00e1 dispon\u00edvel em Espa\u00f1ol.Para atornillar\/desatornillar tornillos de forma estrellada interior de 6 puntas. Punta ovalada que posibilita el trabajo en \u00e1ngulo. Perfil L que permite hacer palanca a tornillos en lugares dificiles acceso. Contiene las siguientes medidas: T10 &#8211; T15 &#8211; T20 &#8211; T25 &#8211; T27 &#8211; T30 &#8211; T40 &#8211; [&hellip;]<\/p>\n","protected":false},"featured_media":3574,"template":"","meta":[],"product_brand":[],"product_cat":[1331],"product_tag":[],"class_list":{"0":"post-3573","1":"product","2":"type-product","3":"status-publish","4":"has-post-thumbnail","6":"product_cat-llaves-combinadas-metricas-criquet-articuladas","8":"first","9":"instock","10":"virtual","11":"purchasable","12":"product-type-simple"},"_links":{"self":[{"href":"https:\/\/ghelfi.com.ar\/pt\/wp-json\/wp\/v2\/product\/3573","targetHints":{"allow":["GET"]}}],"collection":[{"href":"https:\/\/ghelfi.com.ar\/pt\/wp-json\/wp\/v2\/product"}],"about":[{"href":"https:\/\/ghelfi.com.ar\/pt\/wp-json\/wp\/v2\/types\/product"}],"wp:featuredmedia":[{"embeddable":true,"href":"https:\/\/ghelfi.com.ar\/pt\/wp-json\/wp\/v2\/media\/3574"}],"wp:attachment":[{"href":"https:\/\/ghelfi.com.ar\/pt\/wp-json\/wp\/v2\/media?parent=3573"}],"wp:term":[{"taxonomy":"product_brand","embeddable":true,"href":"https:\/\/ghelfi.com.ar\/pt\/wp-json\/wp\/v2\/product_brand?post=3573"},{"taxonomy":"product_cat","embeddable":true,"href":"https:\/\/ghelfi.com.ar\/pt\/wp-json\/wp\/v2\/product_cat?post=3573"},{"taxonomy":"product_tag","embeddable":true,"href":"https:\/\/ghelfi.com.ar\/pt\/wp-json\/wp\/v2\/product_tag?post=3573"}],"curies":[{"name":"wp","href":"https:\/\/api.w.org\/{rel}","templated":true}]}}