{"id":3566,"date":"2017-03-20T14:53:20","date_gmt":"2017-03-20T14:53:20","guid":{"rendered":"https:\/\/slateblue-koala-488807.hostingersite.com\/?post_type=product&#038;p=3566"},"modified":"2022-11-09T16:52:21","modified_gmt":"2022-11-09T16:52:21","slug":"juego-de-llaves-allen-cortas-9-piezas","status":"publish","type":"product","link":"https:\/\/ghelfi.com.ar\/pt\/producto\/juego-de-llaves-allen-cortas-9-piezas\/","title":{"rendered":"JUEGO DE LLAVES ALLEN CORTAS 9 PIEZAS"},"content":{"rendered":"<p class=\"qtranxs-available-languages-message qtranxs-available-languages-message-pt\">Desculpe, este conte\u00fado s\u00f3 est\u00e1 dispon\u00edvel em <a href=\"https:\/\/ghelfi.com.ar\/es\/wp-json\/wp\/v2\/product\/3566\" class=\"qtranxs-available-language-link qtranxs-available-language-link-es\" title=\"Espa\u00f1ol\">Espa\u00f1ol<\/a>.<\/p><p>Para atornillar\/desatornillar tornillos con cabeza hexagonal interior.<br \/>\nPunta ovalada que posibilita el trabajo en \u00e1ngulo.<br \/>\nPerfil L que permite hacer palanca a tornillos en lugares dificiles acceso.<\/p>\n<p>Contiene las siguientes medidas: 1,5 &#8211; 2 &#8211; 2,5 &#8211; 3 &#8211; 4 &#8211; 5 &#8211; 6 &#8211; 8 &#8211; 10 mm<\/p>\n<p><\/p>","protected":false},"excerpt":{"rendered":"<p>Desculpe, este conte\u00fado s\u00f3 est\u00e1 dispon\u00edvel em Espa\u00f1ol.Para atornillar\/desatornillar tornillos con cabeza hexagonal interior. Punta ovalada que posibilita el trabajo en \u00e1ngulo. Perfil L que permite hacer palanca a tornillos en lugares dificiles acceso. Contiene las siguientes medidas: 1,5 &#8211; 2 &#8211; 2,5 &#8211; 3 &#8211; 4 &#8211; 5 &#8211; 6 &#8211; 8 &#8211; 10 [&hellip;]<\/p>\n","protected":false},"featured_media":3567,"template":"","meta":[],"product_brand":[],"product_cat":[1331],"product_tag":[],"class_list":{"0":"post-3566","1":"product","2":"type-product","3":"status-publish","4":"has-post-thumbnail","6":"product_cat-llaves-combinadas-metricas-criquet-articuladas","8":"first","9":"instock","10":"virtual","11":"purchasable","12":"product-type-simple"},"_links":{"self":[{"href":"https:\/\/ghelfi.com.ar\/pt\/wp-json\/wp\/v2\/product\/3566","targetHints":{"allow":["GET"]}}],"collection":[{"href":"https:\/\/ghelfi.com.ar\/pt\/wp-json\/wp\/v2\/product"}],"about":[{"href":"https:\/\/ghelfi.com.ar\/pt\/wp-json\/wp\/v2\/types\/product"}],"wp:featuredmedia":[{"embeddable":true,"href":"https:\/\/ghelfi.com.ar\/pt\/wp-json\/wp\/v2\/media\/3567"}],"wp:attachment":[{"href":"https:\/\/ghelfi.com.ar\/pt\/wp-json\/wp\/v2\/media?parent=3566"}],"wp:term":[{"taxonomy":"product_brand","embeddable":true,"href":"https:\/\/ghelfi.com.ar\/pt\/wp-json\/wp\/v2\/product_brand?post=3566"},{"taxonomy":"product_cat","embeddable":true,"href":"https:\/\/ghelfi.com.ar\/pt\/wp-json\/wp\/v2\/product_cat?post=3566"},{"taxonomy":"product_tag","embeddable":true,"href":"https:\/\/ghelfi.com.ar\/pt\/wp-json\/wp\/v2\/product_tag?post=3566"}],"curies":[{"name":"wp","href":"https:\/\/api.w.org\/{rel}","templated":true}]}}