{"id":3543,"date":"2017-01-02T14:33:13","date_gmt":"2017-01-02T14:33:13","guid":{"rendered":"https:\/\/slateblue-koala-488807.hostingersite.com\/producto\/cartel-luminoso-dos-caras-interior\/"},"modified":"2022-05-25T22:23:55","modified_gmt":"2022-05-25T22:23:55","slug":"cartel-luminoso-dos-caras-interior","status":"publish","type":"product","link":"https:\/\/ghelfi.com.ar\/pt\/producto\/cartel-luminoso-dos-caras-interior\/","title":{"rendered":"CARTEL LUMINOSO DOS CARAS (INTERIOR)"},"content":{"rendered":"<p class=\"qtranxs-available-languages-message qtranxs-available-languages-message-pt\">Desculpe, este conte\u00fado s\u00f3 est\u00e1 dispon\u00edvel em <a href=\"https:\/\/ghelfi.com.ar\/es\/wp-json\/wp\/v2\/product\/3543\" class=\"qtranxs-available-language-link qtranxs-available-language-link-es\" title=\"Espa\u00f1ol\">Espa\u00f1ol<\/a>.<\/p><p>Cartel luminoso con lona en ambos lados, a todo color.<br \/>\nPara interiores.<br \/>\nSujetable en pared o cielo raso.<br \/>\nIluminado por dos tubos fluorescentes de 40W.<br \/>\nMedidas: 101cm X 50cm x 20cm<\/p>\n<p><\/p>","protected":false},"excerpt":{"rendered":"<p>Desculpe, este conte\u00fado s\u00f3 est\u00e1 dispon\u00edvel em Espa\u00f1ol.Cartel luminoso con lona en ambos lados, a todo color. Para interiores. Sujetable en pared o cielo raso. Iluminado por dos tubos fluorescentes de 40W. Medidas: 101cm X 50cm x 20cm<\/p>\n","protected":false},"featured_media":3544,"template":"","meta":[],"product_brand":[],"product_cat":[1376],"product_tag":[],"class_list":{"0":"post-3543","1":"product","2":"type-product","3":"status-publish","4":"has-post-thumbnail","6":"product_cat-repuestos-mota","8":"first","9":"instock","10":"virtual","11":"purchasable","12":"product-type-simple"},"_links":{"self":[{"href":"https:\/\/ghelfi.com.ar\/pt\/wp-json\/wp\/v2\/product\/3543","targetHints":{"allow":["GET"]}}],"collection":[{"href":"https:\/\/ghelfi.com.ar\/pt\/wp-json\/wp\/v2\/product"}],"about":[{"href":"https:\/\/ghelfi.com.ar\/pt\/wp-json\/wp\/v2\/types\/product"}],"wp:featuredmedia":[{"embeddable":true,"href":"https:\/\/ghelfi.com.ar\/pt\/wp-json\/wp\/v2\/media\/3544"}],"wp:attachment":[{"href":"https:\/\/ghelfi.com.ar\/pt\/wp-json\/wp\/v2\/media?parent=3543"}],"wp:term":[{"taxonomy":"product_brand","embeddable":true,"href":"https:\/\/ghelfi.com.ar\/pt\/wp-json\/wp\/v2\/product_brand?post=3543"},{"taxonomy":"product_cat","embeddable":true,"href":"https:\/\/ghelfi.com.ar\/pt\/wp-json\/wp\/v2\/product_cat?post=3543"},{"taxonomy":"product_tag","embeddable":true,"href":"https:\/\/ghelfi.com.ar\/pt\/wp-json\/wp\/v2\/product_tag?post=3543"}],"curies":[{"name":"wp","href":"https:\/\/api.w.org\/{rel}","templated":true}]}}