{"id":3541,"date":"2017-01-02T14:28:24","date_gmt":"2017-01-02T14:28:24","guid":{"rendered":"https:\/\/slateblue-koala-488807.hostingersite.com\/producto\/exhibidor-multiproposito\/"},"modified":"2022-11-09T16:49:43","modified_gmt":"2022-11-09T16:49:43","slug":"exhibidor-multiproposito","status":"publish","type":"product","link":"https:\/\/ghelfi.com.ar\/pt\/producto\/exhibidor-multiproposito\/","title":{"rendered":"EXHIBIDOR MULTIPROP\u00d3SITO"},"content":{"rendered":"<p class=\"qtranxs-available-languages-message qtranxs-available-languages-message-pt\">Desculpe, este conte\u00fado s\u00f3 est\u00e1 dispon\u00edvel em <a href=\"https:\/\/ghelfi.com.ar\/es\/wp-json\/wp\/v2\/product\/3541\" class=\"qtranxs-available-language-link qtranxs-available-language-link-es\" title=\"Espa\u00f1ol\">Espa\u00f1ol<\/a>.<\/p><p>429 orificios distribuidos en todo el expositor.<br \/>\nChapa de acero.<br \/>\nIdeal para exhibici\u00f3n y venta de todos los productos presentados en blisters, discos abrasivos, flaps, alicates, etc.<br \/>\nMedidas: 64cm x 97,5cm<\/p>\n<p><\/p>","protected":false},"excerpt":{"rendered":"<p>Desculpe, este conte\u00fado s\u00f3 est\u00e1 dispon\u00edvel em Espa\u00f1ol.429 orificios distribuidos en todo el expositor. Chapa de acero. Ideal para exhibici\u00f3n y venta de todos los productos presentados en blisters, discos abrasivos, flaps, alicates, etc. Medidas: 64cm x 97,5cm<\/p>\n","protected":false},"featured_media":3542,"template":"","meta":[],"product_brand":[],"product_cat":[1344],"product_tag":[],"class_list":{"0":"post-3541","1":"product","2":"type-product","3":"status-publish","4":"has-post-thumbnail","6":"product_cat-expositores-de-pie-pared-y-mostrador","8":"first","9":"instock","10":"virtual","11":"purchasable","12":"product-type-simple"},"_links":{"self":[{"href":"https:\/\/ghelfi.com.ar\/pt\/wp-json\/wp\/v2\/product\/3541","targetHints":{"allow":["GET"]}}],"collection":[{"href":"https:\/\/ghelfi.com.ar\/pt\/wp-json\/wp\/v2\/product"}],"about":[{"href":"https:\/\/ghelfi.com.ar\/pt\/wp-json\/wp\/v2\/types\/product"}],"wp:featuredmedia":[{"embeddable":true,"href":"https:\/\/ghelfi.com.ar\/pt\/wp-json\/wp\/v2\/media\/3542"}],"wp:attachment":[{"href":"https:\/\/ghelfi.com.ar\/pt\/wp-json\/wp\/v2\/media?parent=3541"}],"wp:term":[{"taxonomy":"product_brand","embeddable":true,"href":"https:\/\/ghelfi.com.ar\/pt\/wp-json\/wp\/v2\/product_brand?post=3541"},{"taxonomy":"product_cat","embeddable":true,"href":"https:\/\/ghelfi.com.ar\/pt\/wp-json\/wp\/v2\/product_cat?post=3541"},{"taxonomy":"product_tag","embeddable":true,"href":"https:\/\/ghelfi.com.ar\/pt\/wp-json\/wp\/v2\/product_tag?post=3541"}],"curies":[{"name":"wp","href":"https:\/\/api.w.org\/{rel}","templated":true}]}}