{"id":3536,"date":"2017-01-02T14:08:59","date_gmt":"2017-01-02T14:08:59","guid":{"rendered":"https:\/\/slateblue-koala-488807.hostingersite.com\/?post_type=product&#038;p=3536"},"modified":"2022-11-09T16:51:42","modified_gmt":"2022-11-09T16:51:42","slug":"barra-de-hot-melt-pegamento-11mm","status":"publish","type":"product","link":"https:\/\/ghelfi.com.ar\/pt\/producto\/barra-de-hot-melt-pegamento-11mm\/","title":{"rendered":"BARRA DE HOT MELT PEGAMENTO 11MM BOLSA 1KG"},"content":{"rendered":"<p class=\"qtranxs-available-languages-message qtranxs-available-languages-message-pt\">Desculpe, este conte\u00fado s\u00f3 est\u00e1 dispon\u00edvel em <a href=\"https:\/\/ghelfi.com.ar\/es\/wp-json\/wp\/v2\/product\/3536\" class=\"qtranxs-available-language-link qtranxs-available-language-link-es\" title=\"Espa\u00f1ol\">Espa\u00f1ol<\/a>.<\/p><p>Para el pegado y sellado de madera, pl\u00e1stico, espuma de pl\u00e1stico, textiles, cart\u00f3n, azulejos y cer\u00e1mica.<br \/>\nLargo 300 mm<br \/>\nDi\u00e1metro 11 mm<br \/>\nBolsa por 1 Kg<\/p>","protected":false},"excerpt":{"rendered":"<p>Desculpe, este conte\u00fado s\u00f3 est\u00e1 dispon\u00edvel em Espa\u00f1ol.Para el pegado y sellado de madera, pl\u00e1stico, espuma de pl\u00e1stico, textiles, cart\u00f3n, azulejos y cer\u00e1mica. Largo 300 mm Di\u00e1metro 11 mm Bolsa por 1 Kg<\/p>\n","protected":false},"featured_media":3537,"template":"","meta":[],"product_brand":[],"product_cat":[1378],"product_tag":[],"class_list":{"0":"post-3536","1":"product","2":"type-product","3":"status-publish","4":"has-post-thumbnail","6":"product_cat-pistola-pegamento-llaves-dakar-edition","8":"first","9":"instock","10":"virtual","11":"purchasable","12":"product-type-simple"},"_links":{"self":[{"href":"https:\/\/ghelfi.com.ar\/pt\/wp-json\/wp\/v2\/product\/3536","targetHints":{"allow":["GET"]}}],"collection":[{"href":"https:\/\/ghelfi.com.ar\/pt\/wp-json\/wp\/v2\/product"}],"about":[{"href":"https:\/\/ghelfi.com.ar\/pt\/wp-json\/wp\/v2\/types\/product"}],"wp:featuredmedia":[{"embeddable":true,"href":"https:\/\/ghelfi.com.ar\/pt\/wp-json\/wp\/v2\/media\/3537"}],"wp:attachment":[{"href":"https:\/\/ghelfi.com.ar\/pt\/wp-json\/wp\/v2\/media?parent=3536"}],"wp:term":[{"taxonomy":"product_brand","embeddable":true,"href":"https:\/\/ghelfi.com.ar\/pt\/wp-json\/wp\/v2\/product_brand?post=3536"},{"taxonomy":"product_cat","embeddable":true,"href":"https:\/\/ghelfi.com.ar\/pt\/wp-json\/wp\/v2\/product_cat?post=3536"},{"taxonomy":"product_tag","embeddable":true,"href":"https:\/\/ghelfi.com.ar\/pt\/wp-json\/wp\/v2\/product_tag?post=3536"}],"curies":[{"name":"wp","href":"https:\/\/api.w.org\/{rel}","templated":true}]}}