{"id":3517,"date":"2016-10-27T13:40:24","date_gmt":"2016-10-27T13:40:24","guid":{"rendered":"https:\/\/slateblue-koala-488807.hostingersite.com\/?post_type=product&#038;p=3517"},"modified":"2022-11-09T16:52:12","modified_gmt":"2022-11-09T16:52:12","slug":"lubricante-multifuncion-en-aerosol-lubrimota-216ml","status":"publish","type":"product","link":"https:\/\/ghelfi.com.ar\/pt\/producto\/lubricante-multifuncion-en-aerosol-lubrimota-216ml\/","title":{"rendered":"LUBRICANTE MULTIFUNCI\u00d3N MOTA 216ML"},"content":{"rendered":"<p class=\"qtranxs-available-languages-message qtranxs-available-languages-message-pt\">Desculpe, este conte\u00fado s\u00f3 est\u00e1 dispon\u00edvel em <a href=\"https:\/\/ghelfi.com.ar\/es\/wp-json\/wp\/v2\/product\/3517\" class=\"qtranxs-available-language-link qtranxs-available-language-link-es\" title=\"Espa\u00f1ol\">Espa\u00f1ol<\/a>.<\/p><p>Lubricante multifunci\u00f3n en aerosol 155g\/216ml.<\/p>\n<p>No contiene clorofluorocarbonos.<\/p>\n<p>Funciona invertido gracias a su v\u00e1lvula de 360\u00b0.<\/p>\n<p>Incluye: pajita independiente que al colocarla en la v\u00e1lvula permite pulverizar en zonas precisas y de dif\u00edcil acceso.<\/p>\n<p>Lubrica.\u00a0Limpia.\u00a0Desplaza.\u00a0Protege.\u00a0Penetra.<\/p>","protected":false},"excerpt":{"rendered":"<p>Desculpe, este conte\u00fado s\u00f3 est\u00e1 dispon\u00edvel em Espa\u00f1ol.Lubricante multifunci\u00f3n en aerosol 155g\/216ml. No contiene clorofluorocarbonos. Funciona invertido gracias a su v\u00e1lvula de 360\u00b0. Incluye: pajita independiente que al colocarla en la v\u00e1lvula permite pulverizar en zonas precisas y de dif\u00edcil acceso. Lubrica.\u00a0Limpia.\u00a0Desplaza.\u00a0Protege.\u00a0Penetra.<\/p>\n","protected":false},"featured_media":5024,"template":"","meta":[],"product_brand":[],"product_cat":[1374],"product_tag":[],"class_list":{"0":"post-3517","1":"product","2":"type-product","3":"status-publish","4":"has-post-thumbnail","6":"product_cat-lubricantes-acoples-piedras-montadas-2","8":"first","9":"instock","10":"featured","11":"virtual","12":"purchasable","13":"product-type-simple"},"_links":{"self":[{"href":"https:\/\/ghelfi.com.ar\/pt\/wp-json\/wp\/v2\/product\/3517","targetHints":{"allow":["GET"]}}],"collection":[{"href":"https:\/\/ghelfi.com.ar\/pt\/wp-json\/wp\/v2\/product"}],"about":[{"href":"https:\/\/ghelfi.com.ar\/pt\/wp-json\/wp\/v2\/types\/product"}],"wp:featuredmedia":[{"embeddable":true,"href":"https:\/\/ghelfi.com.ar\/pt\/wp-json\/wp\/v2\/media\/5024"}],"wp:attachment":[{"href":"https:\/\/ghelfi.com.ar\/pt\/wp-json\/wp\/v2\/media?parent=3517"}],"wp:term":[{"taxonomy":"product_brand","embeddable":true,"href":"https:\/\/ghelfi.com.ar\/pt\/wp-json\/wp\/v2\/product_brand?post=3517"},{"taxonomy":"product_cat","embeddable":true,"href":"https:\/\/ghelfi.com.ar\/pt\/wp-json\/wp\/v2\/product_cat?post=3517"},{"taxonomy":"product_tag","embeddable":true,"href":"https:\/\/ghelfi.com.ar\/pt\/wp-json\/wp\/v2\/product_tag?post=3517"}],"curies":[{"name":"wp","href":"https:\/\/api.w.org\/{rel}","templated":true}]}}