{"id":3487,"date":"2016-09-20T13:18:13","date_gmt":"2016-09-20T13:18:13","guid":{"rendered":"https:\/\/slateblue-koala-488807.hostingersite.com\/producto\/atornillador-recto-14-doble-martillo\/"},"modified":"2022-11-09T16:41:23","modified_gmt":"2022-11-09T16:41:23","slug":"atornillador-recto-14-doble-martillo","status":"publish","type":"product","link":"https:\/\/ghelfi.com.ar\/pt\/producto\/atornillador-recto-14-doble-martillo\/","title":{"rendered":"ATORNILLADOR RECTO 1\/4&#8243; &#8211; DOBLE MARTILLO"},"content":{"rendered":"<p>Consumo de ar; 0,50 m3 \/ min. Chuck capacidade: 13 mil\u00edmetros.<\/p>\n<p>No sentido hor\u00e1rio e anti-hor\u00e1rio. Pega ergon\u00f3mica.<\/p>\n<p>Inclui: al\u00e7a lateral, chave de mandril, o corte manual.<\/p>","protected":false},"excerpt":{"rendered":"<p>Consumo de ar; 0,50 m3 \/ min. Chuck capacidade: 13 mil\u00edmetros.<\/p>\n<p>No sentido hor\u00e1rio e anti-hor\u00e1rio. Pega ergon\u00f3mica.<\/p>\n<p>Inclui: al\u00e7a lateral, chave de mandril, o corte manual.<\/p>\n","protected":false},"featured_media":5120,"template":"","meta":[],"product_brand":[],"product_cat":[1329],"product_tag":[35,140,1099,1224],"class_list":{"0":"post-3487","1":"product","2":"type-product","3":"status-publish","4":"has-post-thumbnail","6":"product_cat-herramientas-neumaticas-accesorios-lubricante-lubrimota","7":"product_tag-13mm","8":"product_tag-a400","9":"product_tag-reversible","10":"product_tag-taladro","12":"first","13":"instock","14":"virtual","15":"purchasable","16":"product-type-simple"},"_links":{"self":[{"href":"https:\/\/ghelfi.com.ar\/pt\/wp-json\/wp\/v2\/product\/3487","targetHints":{"allow":["GET"]}}],"collection":[{"href":"https:\/\/ghelfi.com.ar\/pt\/wp-json\/wp\/v2\/product"}],"about":[{"href":"https:\/\/ghelfi.com.ar\/pt\/wp-json\/wp\/v2\/types\/product"}],"wp:featuredmedia":[{"embeddable":true,"href":"https:\/\/ghelfi.com.ar\/pt\/wp-json\/wp\/v2\/media\/5120"}],"wp:attachment":[{"href":"https:\/\/ghelfi.com.ar\/pt\/wp-json\/wp\/v2\/media?parent=3487"}],"wp:term":[{"taxonomy":"product_brand","embeddable":true,"href":"https:\/\/ghelfi.com.ar\/pt\/wp-json\/wp\/v2\/product_brand?post=3487"},{"taxonomy":"product_cat","embeddable":true,"href":"https:\/\/ghelfi.com.ar\/pt\/wp-json\/wp\/v2\/product_cat?post=3487"},{"taxonomy":"product_tag","embeddable":true,"href":"https:\/\/ghelfi.com.ar\/pt\/wp-json\/wp\/v2\/product_tag?post=3487"}],"curies":[{"name":"wp","href":"https:\/\/api.w.org\/{rel}","templated":true}]}}