{"id":3460,"date":"2016-08-16T20:39:53","date_gmt":"2016-08-16T20:39:53","guid":{"rendered":"https:\/\/slateblue-koala-488807.hostingersite.com\/producto\/alicate-bomba-de-agua-con-canal-250mm-10\/"},"modified":"2022-11-09T16:56:52","modified_gmt":"2022-11-09T16:56:52","slug":"alicate-bomba-de-agua-con-canal-250mm-10","status":"publish","type":"product","link":"https:\/\/ghelfi.com.ar\/pt\/producto\/alicate-bomba-de-agua-con-canal-250mm-10\/","title":{"rendered":"PICO DE LORO CON CANAL 250MM  10&#8243;"},"content":{"rendered":"<p class=\"qtranxs-available-languages-message qtranxs-available-languages-message-pt\">Desculpe, este conte\u00fado s\u00f3 est\u00e1 dispon\u00edvel em <a href=\"https:\/\/ghelfi.com.ar\/es\/wp-json\/wp\/v2\/product\/3460\" class=\"qtranxs-available-language-link qtranxs-available-language-link-es\" title=\"Espa\u00f1ol\">Espa\u00f1ol<\/a>.<\/p><p>Para mantenimiento, mec\u00e1nica e industria en general. Forjada en cromo vanadio.<br \/>\nMangos ergonom\u00e9tricos con aislaci\u00f3n sumergida antideslizante.<br \/>\nArticulaci\u00f3n con mayor estabilidad por la doble v\u00eda.<br \/>\nMand\u00edbulas con dientes templados endurecidos.<\/p>","protected":false},"excerpt":{"rendered":"<p>Desculpe, este conte\u00fado s\u00f3 est\u00e1 dispon\u00edvel em Espa\u00f1ol.Para mantenimiento, mec\u00e1nica e industria en general. Forjada en cromo vanadio. Mangos ergonom\u00e9tricos con aislaci\u00f3n sumergida antideslizante. Articulaci\u00f3n con mayor estabilidad por la doble v\u00eda. Mand\u00edbulas con dientes templados endurecidos.<\/p>\n","protected":false},"featured_media":3459,"template":"","meta":[],"product_brand":[],"product_cat":[1333],"product_tag":[],"class_list":{"0":"post-3460","1":"product","2":"type-product","3":"status-publish","4":"has-post-thumbnail","6":"product_cat-alicates-tijeras-forjadas-corta-pvc-cano","8":"first","9":"instock","10":"virtual","11":"purchasable","12":"product-type-simple"},"_links":{"self":[{"href":"https:\/\/ghelfi.com.ar\/pt\/wp-json\/wp\/v2\/product\/3460","targetHints":{"allow":["GET"]}}],"collection":[{"href":"https:\/\/ghelfi.com.ar\/pt\/wp-json\/wp\/v2\/product"}],"about":[{"href":"https:\/\/ghelfi.com.ar\/pt\/wp-json\/wp\/v2\/types\/product"}],"wp:featuredmedia":[{"embeddable":true,"href":"https:\/\/ghelfi.com.ar\/pt\/wp-json\/wp\/v2\/media\/3459"}],"wp:attachment":[{"href":"https:\/\/ghelfi.com.ar\/pt\/wp-json\/wp\/v2\/media?parent=3460"}],"wp:term":[{"taxonomy":"product_brand","embeddable":true,"href":"https:\/\/ghelfi.com.ar\/pt\/wp-json\/wp\/v2\/product_brand?post=3460"},{"taxonomy":"product_cat","embeddable":true,"href":"https:\/\/ghelfi.com.ar\/pt\/wp-json\/wp\/v2\/product_cat?post=3460"},{"taxonomy":"product_tag","embeddable":true,"href":"https:\/\/ghelfi.com.ar\/pt\/wp-json\/wp\/v2\/product_tag?post=3460"}],"curies":[{"name":"wp","href":"https:\/\/api.w.org\/{rel}","templated":true}]}}