{"id":3278,"date":"2016-01-09T23:13:15","date_gmt":"2016-01-09T23:13:15","guid":{"rendered":"https:\/\/slateblue-koala-488807.hostingersite.com\/?post_type=product&#038;p=3278"},"modified":"2022-11-09T16:41:21","modified_gmt":"2022-11-09T16:41:21","slug":"kit-acople-rapido-para-aire","status":"publish","type":"product","link":"https:\/\/ghelfi.com.ar\/pt\/producto\/kit-acople-rapido-para-aire\/","title":{"rendered":"KIT ACOPLE R\u00c1PIDO PARA AIRE"},"content":{"rendered":"<p class=\"qtranxs-available-languages-message qtranxs-available-languages-message-pt\">Desculpe, este conte\u00fado s\u00f3 est\u00e1 dispon\u00edvel em <a href=\"https:\/\/ghelfi.com.ar\/es\/wp-json\/wp\/v2\/product\/3278\" class=\"qtranxs-available-language-link qtranxs-available-language-link-es\" title=\"Espa\u00f1ol\">Espa\u00f1ol<\/a>.<\/p><p>Para aire comprimido.<br \/>\nMaterial: Aleaci\u00f3n.<br \/>\nIncluye: Acople r\u00e1pido universal hembra; acople racor macho;<br \/>\nacople racor hembra.<br \/>\nRosca: 1\/4&#8243;.<\/p>","protected":false},"excerpt":{"rendered":"<p class=\"qtranxs-available-languages-message qtranxs-available-languages-message-pt\">Desculpe, este conte\u00fado s\u00f3 est\u00e1 dispon\u00edvel em <a href=\"https:\/\/ghelfi.com.ar\/es\/wp-json\/wp\/v2\/product\/3278\" class=\"qtranxs-available-language-link qtranxs-available-language-link-es\" title=\"Espa\u00f1ol\">Espa\u00f1ol<\/a>.<\/p>\n<p>Para aire comprimido.<br \/>\nMaterial: Aleaci\u00f3n.<br \/>\nIncluye: Acople r\u00e1pido universal hembra; acople racor macho;<br \/>\nacople racor hembra.<br \/>\nRosca: 1\/4&#8243;.<\/p>\n","protected":false},"featured_media":3279,"template":"","meta":[],"product_brand":[],"product_cat":[1374],"product_tag":[],"class_list":{"0":"post-3278","1":"product","2":"type-product","3":"status-publish","4":"has-post-thumbnail","6":"product_cat-lubricantes-acoples-piedras-montadas-2","8":"first","9":"instock","10":"virtual","11":"purchasable","12":"product-type-simple"},"_links":{"self":[{"href":"https:\/\/ghelfi.com.ar\/pt\/wp-json\/wp\/v2\/product\/3278","targetHints":{"allow":["GET"]}}],"collection":[{"href":"https:\/\/ghelfi.com.ar\/pt\/wp-json\/wp\/v2\/product"}],"about":[{"href":"https:\/\/ghelfi.com.ar\/pt\/wp-json\/wp\/v2\/types\/product"}],"wp:featuredmedia":[{"embeddable":true,"href":"https:\/\/ghelfi.com.ar\/pt\/wp-json\/wp\/v2\/media\/3279"}],"wp:attachment":[{"href":"https:\/\/ghelfi.com.ar\/pt\/wp-json\/wp\/v2\/media?parent=3278"}],"wp:term":[{"taxonomy":"product_brand","embeddable":true,"href":"https:\/\/ghelfi.com.ar\/pt\/wp-json\/wp\/v2\/product_brand?post=3278"},{"taxonomy":"product_cat","embeddable":true,"href":"https:\/\/ghelfi.com.ar\/pt\/wp-json\/wp\/v2\/product_cat?post=3278"},{"taxonomy":"product_tag","embeddable":true,"href":"https:\/\/ghelfi.com.ar\/pt\/wp-json\/wp\/v2\/product_tag?post=3278"}],"curies":[{"name":"wp","href":"https:\/\/api.w.org\/{rel}","templated":true}]}}