{"id":3017,"date":"2015-09-17T21:13:37","date_gmt":"2015-09-17T21:13:37","guid":{"rendered":"https:\/\/slateblue-koala-488807.hostingersite.com\/?post_type=product&#038;p=3017"},"modified":"2022-11-09T16:49:44","modified_gmt":"2022-11-09T16:49:44","slug":"tablero-llaves-combinadas-metricas-y-pulgadas","status":"publish","type":"product","link":"https:\/\/ghelfi.com.ar\/pt\/producto\/tablero-llaves-combinadas-metricas-y-pulgadas\/","title":{"rendered":"TABLERO LLAVES COMBINADAS METRICAS Y PULGADAS"},"content":{"rendered":"<p>Para: teclas de cair no com\u00e9rcio \/ workshop<\/p>\n<p>Material: chapa de a\u00e7o.<\/p>\n<p>Info: Pode ser comprado vazio ou cheio<br \/>\n(teclas Combiandas 6 a 25 mm e 1\/4 &#8220;a 1&#8221;<br \/>\n  200 mil\u00edmetros chave inglesa, alicate de press\u00e3o e 230 mil\u00edmetros)<\/p>","protected":false},"excerpt":{"rendered":"<p>Para: teclas de cair no com\u00e9rcio \/ workshop<\/p>\n<p>Material: chapa de a\u00e7o.<\/p>\n<p>Info: Pode ser comprado vazio ou cheio<br \/>\n(teclas Combiandas 6 a 25 mm e 1\/4 &#8220;a 1&#8221;<br \/>\n  200 mil\u00edmetros chave inglesa, alicate de press\u00e3o e 230 mil\u00edmetros)<\/p>\n","protected":false},"featured_media":3019,"template":"","meta":[],"product_brand":[],"product_cat":[1344],"product_tag":[320,641,645,762,1033,1223],"class_list":{"0":"post-3017","1":"product","2":"type-product","3":"status-publish","4":"has-post-thumbnail","6":"product_cat-expositores-de-pie-pared-y-mostrador","7":"product_tag-combinadas","8":"product_tag-ex03","9":"product_tag-expositor","10":"product_tag-llaves","11":"product_tag-pulgadas","12":"product_tag-tablero","14":"first","15":"instock","16":"virtual","17":"purchasable","18":"product-type-simple"},"_links":{"self":[{"href":"https:\/\/ghelfi.com.ar\/pt\/wp-json\/wp\/v2\/product\/3017","targetHints":{"allow":["GET"]}}],"collection":[{"href":"https:\/\/ghelfi.com.ar\/pt\/wp-json\/wp\/v2\/product"}],"about":[{"href":"https:\/\/ghelfi.com.ar\/pt\/wp-json\/wp\/v2\/types\/product"}],"wp:featuredmedia":[{"embeddable":true,"href":"https:\/\/ghelfi.com.ar\/pt\/wp-json\/wp\/v2\/media\/3019"}],"wp:attachment":[{"href":"https:\/\/ghelfi.com.ar\/pt\/wp-json\/wp\/v2\/media?parent=3017"}],"wp:term":[{"taxonomy":"product_brand","embeddable":true,"href":"https:\/\/ghelfi.com.ar\/pt\/wp-json\/wp\/v2\/product_brand?post=3017"},{"taxonomy":"product_cat","embeddable":true,"href":"https:\/\/ghelfi.com.ar\/pt\/wp-json\/wp\/v2\/product_cat?post=3017"},{"taxonomy":"product_tag","embeddable":true,"href":"https:\/\/ghelfi.com.ar\/pt\/wp-json\/wp\/v2\/product_tag?post=3017"}],"curies":[{"name":"wp","href":"https:\/\/api.w.org\/{rel}","templated":true}]}}