{"id":2981,"date":"2015-09-17T15:29:43","date_gmt":"2015-09-17T15:29:43","guid":{"rendered":"https:\/\/slateblue-koala-488807.hostingersite.com\/?post_type=product&#038;p=2981"},"modified":"2022-11-09T16:43:37","modified_gmt":"2022-11-09T16:43:37","slug":"adaptador-hexagonal-14-magnetico","status":"publish","type":"product","link":"https:\/\/ghelfi.com.ar\/pt\/producto\/adaptador-hexagonal-14-magnetico\/","title":{"rendered":"ADAPTADOR HEXAGONAL MAGNETICO 1\/4&#8243;"},"content":{"rendered":"<p>Material: Chrome Vanadium.<\/p>\n<p>Inser\u00e7\u00e3o: Hexagonal.<\/p>\n<p>Dura\u00e7\u00e3o: 60 mil\u00edmetros.<\/p>","protected":false},"excerpt":{"rendered":"<p>Material: Chrome Vanadium.<\/p>\n<p>Inser\u00e7\u00e3o: Hexagonal.<\/p>\n<p>Dura\u00e7\u00e3o: 60 mil\u00edmetros.<\/p>\n","protected":false},"featured_media":2983,"template":"","meta":[],"product_brand":[],"product_cat":[1332],"product_tag":[147,203,713,823],"class_list":{"0":"post-2981","1":"product","2":"type-product","3":"status-publish","4":"has-post-thumbnail","6":"product_cat-destornilladores-y-puntas","7":"product_tag-adaptador","8":"product_tag-bam1060","9":"product_tag-hexagonal","10":"product_tag-magnetico","12":"first","13":"instock","14":"virtual","15":"purchasable","16":"product-type-simple"},"_links":{"self":[{"href":"https:\/\/ghelfi.com.ar\/pt\/wp-json\/wp\/v2\/product\/2981","targetHints":{"allow":["GET"]}}],"collection":[{"href":"https:\/\/ghelfi.com.ar\/pt\/wp-json\/wp\/v2\/product"}],"about":[{"href":"https:\/\/ghelfi.com.ar\/pt\/wp-json\/wp\/v2\/types\/product"}],"wp:featuredmedia":[{"embeddable":true,"href":"https:\/\/ghelfi.com.ar\/pt\/wp-json\/wp\/v2\/media\/2983"}],"wp:attachment":[{"href":"https:\/\/ghelfi.com.ar\/pt\/wp-json\/wp\/v2\/media?parent=2981"}],"wp:term":[{"taxonomy":"product_brand","embeddable":true,"href":"https:\/\/ghelfi.com.ar\/pt\/wp-json\/wp\/v2\/product_brand?post=2981"},{"taxonomy":"product_cat","embeddable":true,"href":"https:\/\/ghelfi.com.ar\/pt\/wp-json\/wp\/v2\/product_cat?post=2981"},{"taxonomy":"product_tag","embeddable":true,"href":"https:\/\/ghelfi.com.ar\/pt\/wp-json\/wp\/v2\/product_tag?post=2981"}],"curies":[{"name":"wp","href":"https:\/\/api.w.org\/{rel}","templated":true}]}}