{"id":2761,"date":"2015-09-16T18:29:52","date_gmt":"2015-09-16T18:29:52","guid":{"rendered":"https:\/\/slateblue-koala-488807.hostingersite.com\/?post_type=product&#038;p=2761"},"modified":"2022-11-09T16:48:51","modified_gmt":"2022-11-09T16:48:51","slug":"juego-en-caja-plastica-encastre-38-22-piezas","status":"publish","type":"product","link":"https:\/\/ghelfi.com.ar\/pt\/producto\/juego-en-caja-plastica-encastre-38-22-piezas\/","title":{"rendered":"JUEGO EN CAJA PLASTICA ENCASTRE 3\/8&#8243; &#8211; 40 PIEZAS"},"content":{"rendered":"<p class=\"qtranxs-available-languages-message qtranxs-available-languages-message-pt\">Desculpe, este conte\u00fado s\u00f3 est\u00e1 dispon\u00edvel em <a href=\"https:\/\/ghelfi.com.ar\/es\/wp-json\/wp\/v2\/product\/2761\" class=\"qtranxs-available-language-link qtranxs-available-language-link-es\" title=\"Espa\u00f1ol\">Espa\u00f1ol<\/a>.<\/p><p>15\u00a0 bocallaves : 8, 9, 10, 11, 12, 13, 14,15, 16, 17, 18, 19, 20, 21, 22 mm<\/p>\n<p>6 bocallaves largas : 8, 10, 12, 13 , 17, 19 mm<\/p>\n<p>19 Accesorios<\/p>\n<p>2 Sacabuj\u00edas: 16 y 21 mm<br \/>\n2 Extensiones: 75 y 150 mm<br \/>\n1 Movimiento Universal<br \/>\n1 Llave de Carraca: 45 dientes<br \/>\n1 Adaptador<br \/>\n11 Puntas: 2 Hexagonal 5 y 6 mm<br \/>\n2 Planas: 4, 5.5 mm &#8211; 3 Torx\u00ae: T10, T15, T20<br \/>\n2 Pozidriv: PZ1 y PZ2 &#8211; 2 Phillips: PH1 y PH2 Portapuntas<\/p>","protected":false},"excerpt":{"rendered":"<p>Desculpe, este conte\u00fado s\u00f3 est\u00e1 dispon\u00edvel em Espa\u00f1ol.15\u00a0 bocallaves : 8, 9, 10, 11, 12, 13, 14,15, 16, 17, 18, 19, 20, 21, 22 mm 6 bocallaves largas : 8, 10, 12, 13 , 17, 19 mm 19 Accesorios 2 Sacabuj\u00edas: 16 y 21 mm 2 Extensiones: 75 y 150 mm 1 Movimiento Universal 1 [&hellip;]<\/p>\n","protected":false},"featured_media":5074,"template":"","meta":[],"product_brand":[],"product_cat":[1331],"product_tag":[82,284,565,586,738,996,1277],"class_list":{"0":"post-2761","1":"product","2":"type-product","3":"status-publish","4":"has-post-thumbnail","6":"product_cat-llaves-combinadas-metricas-criquet-articuladas","7":"product_tag-82","8":"product_tag-caja","9":"product_tag-ek201","10":"product_tag-encastre","11":"product_tag-juego","12":"product_tag-piezas","13":"product_tag-tubos","15":"first","16":"instock","17":"virtual","18":"purchasable","19":"product-type-simple"},"_links":{"self":[{"href":"https:\/\/ghelfi.com.ar\/pt\/wp-json\/wp\/v2\/product\/2761","targetHints":{"allow":["GET"]}}],"collection":[{"href":"https:\/\/ghelfi.com.ar\/pt\/wp-json\/wp\/v2\/product"}],"about":[{"href":"https:\/\/ghelfi.com.ar\/pt\/wp-json\/wp\/v2\/types\/product"}],"wp:featuredmedia":[{"embeddable":true,"href":"https:\/\/ghelfi.com.ar\/pt\/wp-json\/wp\/v2\/media\/5074"}],"wp:attachment":[{"href":"https:\/\/ghelfi.com.ar\/pt\/wp-json\/wp\/v2\/media?parent=2761"}],"wp:term":[{"taxonomy":"product_brand","embeddable":true,"href":"https:\/\/ghelfi.com.ar\/pt\/wp-json\/wp\/v2\/product_brand?post=2761"},{"taxonomy":"product_cat","embeddable":true,"href":"https:\/\/ghelfi.com.ar\/pt\/wp-json\/wp\/v2\/product_cat?post=2761"},{"taxonomy":"product_tag","embeddable":true,"href":"https:\/\/ghelfi.com.ar\/pt\/wp-json\/wp\/v2\/product_tag?post=2761"}],"curies":[{"name":"wp","href":"https:\/\/api.w.org\/{rel}","templated":true}]}}