{"id":2425,"date":"2015-09-15T19:15:31","date_gmt":"2015-09-15T19:15:31","guid":{"rendered":"https:\/\/slateblue-koala-488807.hostingersite.com\/?post_type=product&#038;p=2425"},"modified":"2022-11-09T16:44:33","modified_gmt":"2022-11-09T16:44:33","slug":"bolso-para-herramientas-28-bolsillos","status":"publish","type":"product","link":"https:\/\/ghelfi.com.ar\/pt\/producto\/bolso-para-herramientas-28-bolsillos\/","title":{"rendered":"BOLSO PARA HERRAMIENTAS 28 BOLSILLOS 37 LTS"},"content":{"rendered":"<p>Material: poli\u00e9ster 600D.<br \/>\nCosturas e al\u00e7a refor\u00e7ada.<br \/>\nAl\u00e7a de ombro ajust\u00e1vel.<br \/>\nMedi\u00e7\u00e3o: Comprimento 450 mil\u00edmetros,<\/p>\n<p>largura de 280 mil\u00edmetros,<br \/>\n250 mm de altura<\/p>","protected":false},"excerpt":{"rendered":"<p>Material: poli\u00e9ster 600D.<br \/>\nCosturas e al\u00e7a refor\u00e7ada.<br \/>\nAl\u00e7a de ombro ajust\u00e1vel.<br \/>\nMedi\u00e7\u00e3o: Comprimento 450 mil\u00edmetros,<\/p>\n<p>largura de 280 mil\u00edmetros,<br \/>\n250 mm de altura<\/p>\n","protected":false},"featured_media":5366,"template":"","meta":[],"product_brand":[],"product_cat":[1343],"product_tag":[214,215,258,712],"class_list":{"0":"post-2425","1":"product","2":"type-product","3":"status-publish","4":"has-post-thumbnail","6":"product_cat-bolsos-mochilas-y-fajas-de-seguridad","7":"product_tag-bolsillos","8":"product_tag-bolso","9":"product_tag-bz03","10":"product_tag-herramientas","12":"first","13":"instock","14":"virtual","15":"purchasable","16":"product-type-simple"},"_links":{"self":[{"href":"https:\/\/ghelfi.com.ar\/pt\/wp-json\/wp\/v2\/product\/2425","targetHints":{"allow":["GET"]}}],"collection":[{"href":"https:\/\/ghelfi.com.ar\/pt\/wp-json\/wp\/v2\/product"}],"about":[{"href":"https:\/\/ghelfi.com.ar\/pt\/wp-json\/wp\/v2\/types\/product"}],"wp:featuredmedia":[{"embeddable":true,"href":"https:\/\/ghelfi.com.ar\/pt\/wp-json\/wp\/v2\/media\/5366"}],"wp:attachment":[{"href":"https:\/\/ghelfi.com.ar\/pt\/wp-json\/wp\/v2\/media?parent=2425"}],"wp:term":[{"taxonomy":"product_brand","embeddable":true,"href":"https:\/\/ghelfi.com.ar\/pt\/wp-json\/wp\/v2\/product_brand?post=2425"},{"taxonomy":"product_cat","embeddable":true,"href":"https:\/\/ghelfi.com.ar\/pt\/wp-json\/wp\/v2\/product_cat?post=2425"},{"taxonomy":"product_tag","embeddable":true,"href":"https:\/\/ghelfi.com.ar\/pt\/wp-json\/wp\/v2\/product_tag?post=2425"}],"curies":[{"name":"wp","href":"https:\/\/api.w.org\/{rel}","templated":true}]}}