{"id":2387,"date":"2015-09-15T19:07:29","date_gmt":"2015-09-15T19:07:29","guid":{"rendered":"https:\/\/slateblue-koala-488807.hostingersite.com\/?post_type=product&#038;p=2387"},"modified":"2022-11-09T16:44:33","modified_gmt":"2022-11-09T16:44:33","slug":"bolso-para-herramientas-con-ruedas","status":"publish","type":"product","link":"https:\/\/ghelfi.com.ar\/pt\/producto\/bolso-para-herramientas-con-ruedas\/","title":{"rendered":"BOLSO PARA HERRAMIENTAS CON MANIJA Y RUEDAS 40 LTS"},"content":{"rendered":"<p>19 Pockets<br \/>\nMaterial: poli\u00e9ster 600D.<br \/>\nCosturas e al\u00e7a refor\u00e7ada.<br \/>\nTrolley com al\u00e7a telesc\u00f3pica.<br \/>\nMedi\u00e7\u00e3o: Comprimento 445 mil\u00edmetros, largura 250 mm,<br \/>\n300 mm de altura<\/p>","protected":false},"excerpt":{"rendered":"<p>19 Pockets<br \/>\nMaterial: poli\u00e9ster 600D.<br \/>\nCosturas e al\u00e7a refor\u00e7ada.<br \/>\nTrolley com al\u00e7a telesc\u00f3pica.<br \/>\nMedi\u00e7\u00e3o: Comprimento 445 mil\u00edmetros, largura 250 mm,<br \/>\n300 mm de altura<\/p>\n","protected":false},"featured_media":2389,"template":"","meta":[],"product_brand":[],"product_cat":[1343],"product_tag":[215,260,712,1111],"class_list":{"0":"post-2387","1":"product","2":"type-product","3":"status-publish","4":"has-post-thumbnail","6":"product_cat-bolsos-mochilas-y-fajas-de-seguridad","7":"product_tag-bolso","8":"product_tag-bz05","9":"product_tag-herramientas","10":"product_tag-ruedas","12":"first","13":"instock","14":"virtual","15":"purchasable","16":"product-type-simple"},"_links":{"self":[{"href":"https:\/\/ghelfi.com.ar\/pt\/wp-json\/wp\/v2\/product\/2387","targetHints":{"allow":["GET"]}}],"collection":[{"href":"https:\/\/ghelfi.com.ar\/pt\/wp-json\/wp\/v2\/product"}],"about":[{"href":"https:\/\/ghelfi.com.ar\/pt\/wp-json\/wp\/v2\/types\/product"}],"wp:featuredmedia":[{"embeddable":true,"href":"https:\/\/ghelfi.com.ar\/pt\/wp-json\/wp\/v2\/media\/2389"}],"wp:attachment":[{"href":"https:\/\/ghelfi.com.ar\/pt\/wp-json\/wp\/v2\/media?parent=2387"}],"wp:term":[{"taxonomy":"product_brand","embeddable":true,"href":"https:\/\/ghelfi.com.ar\/pt\/wp-json\/wp\/v2\/product_brand?post=2387"},{"taxonomy":"product_cat","embeddable":true,"href":"https:\/\/ghelfi.com.ar\/pt\/wp-json\/wp\/v2\/product_cat?post=2387"},{"taxonomy":"product_tag","embeddable":true,"href":"https:\/\/ghelfi.com.ar\/pt\/wp-json\/wp\/v2\/product_tag?post=2387"}],"curies":[{"name":"wp","href":"https:\/\/api.w.org\/{rel}","templated":true}]}}