{"id":2383,"date":"2015-09-15T19:06:00","date_gmt":"2015-09-15T19:06:00","guid":{"rendered":"https:\/\/slateblue-koala-488807.hostingersite.com\/?post_type=product&#038;p=2383"},"modified":"2022-11-09T16:44:33","modified_gmt":"2022-11-09T16:44:33","slug":"bolso-para-herramientas-doble-ancho","status":"publish","type":"product","link":"https:\/\/ghelfi.com.ar\/pt\/producto\/bolso-para-herramientas-doble-ancho\/","title":{"rendered":"BOLSO PARA HERRAMIENTAS 14 BOLSILLOS 46 LTS"},"content":{"rendered":"<p>14 Pockets<br \/>\nMaterial: poli\u00e9ster 600D.<br \/>\nCosturas e al\u00e7a refor\u00e7ada.<br \/>\nAl\u00e7a de ombro ajust\u00e1vel.<br \/>\nDuplo largura.<br \/>\nMedi\u00e7\u00e3o: Comprimento 450 mil\u00edmetros, largura de 310 mil\u00edmetros,<br \/>\n250 mm de altura<\/p>","protected":false},"excerpt":{"rendered":"<p>14 Pockets<br \/>\nMaterial: poli\u00e9ster 600D.<br \/>\nCosturas e al\u00e7a refor\u00e7ada.<br \/>\nAl\u00e7a de ombro ajust\u00e1vel.<br \/>\nDuplo largura.<br \/>\nMedi\u00e7\u00e3o: Comprimento 450 mil\u00edmetros, largura de 310 mil\u00edmetros,<br \/>\n250 mm de altura<\/p>\n","protected":false},"featured_media":2385,"template":"","meta":[],"product_brand":[],"product_cat":[1343],"product_tag":[215,259,422,712],"class_list":{"0":"post-2383","1":"product","2":"type-product","3":"status-publish","4":"has-post-thumbnail","6":"product_cat-bolsos-mochilas-y-fajas-de-seguridad","7":"product_tag-bolso","8":"product_tag-bz04","9":"product_tag-doble","10":"product_tag-herramientas","12":"first","13":"instock","14":"virtual","15":"purchasable","16":"product-type-simple"},"_links":{"self":[{"href":"https:\/\/ghelfi.com.ar\/pt\/wp-json\/wp\/v2\/product\/2383","targetHints":{"allow":["GET"]}}],"collection":[{"href":"https:\/\/ghelfi.com.ar\/pt\/wp-json\/wp\/v2\/product"}],"about":[{"href":"https:\/\/ghelfi.com.ar\/pt\/wp-json\/wp\/v2\/types\/product"}],"wp:featuredmedia":[{"embeddable":true,"href":"https:\/\/ghelfi.com.ar\/pt\/wp-json\/wp\/v2\/media\/2385"}],"wp:attachment":[{"href":"https:\/\/ghelfi.com.ar\/pt\/wp-json\/wp\/v2\/media?parent=2383"}],"wp:term":[{"taxonomy":"product_brand","embeddable":true,"href":"https:\/\/ghelfi.com.ar\/pt\/wp-json\/wp\/v2\/product_brand?post=2383"},{"taxonomy":"product_cat","embeddable":true,"href":"https:\/\/ghelfi.com.ar\/pt\/wp-json\/wp\/v2\/product_cat?post=2383"},{"taxonomy":"product_tag","embeddable":true,"href":"https:\/\/ghelfi.com.ar\/pt\/wp-json\/wp\/v2\/product_tag?post=2383"}],"curies":[{"name":"wp","href":"https:\/\/api.w.org\/{rel}","templated":true}]}}