{"id":2367,"date":"2015-09-15T18:20:44","date_gmt":"2015-09-15T18:20:44","guid":{"rendered":"https:\/\/slateblue-koala-488807.hostingersite.com\/?post_type=product&#038;p=2367"},"modified":"2022-11-09T16:44:53","modified_gmt":"2022-11-09T16:44:53","slug":"cutter-cuerpo-plastico-hoja-precortada-9mm","status":"publish","type":"product","link":"https:\/\/ghelfi.com.ar\/pt\/producto\/cutter-cuerpo-plastico-hoja-precortada-9mm\/","title":{"rendered":"CUTTER PL\u00c1STICO HOJA PRECORTADA 9 MM"},"content":{"rendered":"<p>Folha de pr\u00e9-corte de alta qualidade.<\/p>\n<p>Corpo de a\u00e7o inoxid\u00e1vel e pl\u00e1stico.<\/p>\n<p>Pl\u00e1stico ader\u00eancia.<\/p>\n<p>Ele inclui 1 folha + 2 partes.<\/p>","protected":false},"excerpt":{"rendered":"<p>Folha de pr\u00e9-corte de alta qualidade.<\/p>\n<p>Corpo de a\u00e7o inoxid\u00e1vel e pl\u00e1stico.<\/p>\n<p>Pl\u00e1stico ader\u00eancia.<\/p>\n<p>Ele inclui 1 folha + 2 partes.<\/p>\n","protected":false},"featured_media":2369,"template":"","meta":[],"product_brand":[],"product_cat":[1343],"product_tag":[275,343,721,1013,1022,1272],"class_list":{"0":"post-2367","1":"product","2":"type-product","3":"status-publish","4":"has-post-thumbnail","6":"product_cat-bolsos-mochilas-y-fajas-de-seguridad","7":"product_tag-c109","8":"product_tag-cutters","9":"product_tag-hoja","10":"product_tag-plastico","11":"product_tag-precortada","12":"product_tag-traba","14":"first","15":"instock","16":"virtual","17":"purchasable","18":"product-type-simple"},"_links":{"self":[{"href":"https:\/\/ghelfi.com.ar\/pt\/wp-json\/wp\/v2\/product\/2367","targetHints":{"allow":["GET"]}}],"collection":[{"href":"https:\/\/ghelfi.com.ar\/pt\/wp-json\/wp\/v2\/product"}],"about":[{"href":"https:\/\/ghelfi.com.ar\/pt\/wp-json\/wp\/v2\/types\/product"}],"wp:featuredmedia":[{"embeddable":true,"href":"https:\/\/ghelfi.com.ar\/pt\/wp-json\/wp\/v2\/media\/2369"}],"wp:attachment":[{"href":"https:\/\/ghelfi.com.ar\/pt\/wp-json\/wp\/v2\/media?parent=2367"}],"wp:term":[{"taxonomy":"product_brand","embeddable":true,"href":"https:\/\/ghelfi.com.ar\/pt\/wp-json\/wp\/v2\/product_brand?post=2367"},{"taxonomy":"product_cat","embeddable":true,"href":"https:\/\/ghelfi.com.ar\/pt\/wp-json\/wp\/v2\/product_cat?post=2367"},{"taxonomy":"product_tag","embeddable":true,"href":"https:\/\/ghelfi.com.ar\/pt\/wp-json\/wp\/v2\/product_tag?post=2367"}],"curies":[{"name":"wp","href":"https:\/\/api.w.org\/{rel}","templated":true}]}}