{"id":2321,"date":"2015-09-15T17:23:35","date_gmt":"2015-09-15T17:23:35","guid":{"rendered":"https:\/\/slateblue-koala-488807.hostingersite.com\/?post_type=product&#038;p=2321"},"modified":"2022-11-09T16:41:59","modified_gmt":"2022-11-09T16:41:59","slug":"clasica-de-aluminio","status":"publish","type":"product","link":"https:\/\/ghelfi.com.ar\/pt\/producto\/clasica-de-aluminio\/","title":{"rendered":"PISTOLA DE RIEGO CLASICA DE ALUMINIO"},"content":{"rendered":"<p>Para: Irriga\u00e7\u00e3o e limpeza<\/p>\n<p>Material: liga de alum\u00ednio do corpo.<\/p>\n<p>O fecho do gatilho pl\u00e1stico.<\/p>\n<p>Info: Fluxo ajust\u00e1vel. Recomenda-se o uso<\/p>\n<p>mangueira bloco de liga\u00e7\u00e3o r\u00e1pida<\/p>","protected":false},"excerpt":{"rendered":"<p>Para: Irriga\u00e7\u00e3o e limpeza<\/p>\n<p>Material: liga de alum\u00ednio do corpo.<\/p>\n<p>O fecho do gatilho pl\u00e1stico.<\/p>\n<p>Info: Fluxo ajust\u00e1vel. Recomenda-se o uso<\/p>\n<p>mangueira bloco de liga\u00e7\u00e3o r\u00e1pida<\/p>\n","protected":false},"featured_media":2323,"template":"","meta":[],"product_brand":[],"product_cat":[1341],"product_tag":[163,174,313,1005,1103],"class_list":{"0":"post-2321","1":"product","2":"type-product","3":"status-publish","4":"has-post-thumbnail","6":"product_cat-tijeras-de-poda-serruchos-hachas","7":"product_tag-aluminio","8":"product_tag-ar12","9":"product_tag-clasica","10":"product_tag-pistola","11":"product_tag-riego","13":"first","14":"instock","15":"virtual","16":"purchasable","17":"product-type-simple"},"_links":{"self":[{"href":"https:\/\/ghelfi.com.ar\/pt\/wp-json\/wp\/v2\/product\/2321","targetHints":{"allow":["GET"]}}],"collection":[{"href":"https:\/\/ghelfi.com.ar\/pt\/wp-json\/wp\/v2\/product"}],"about":[{"href":"https:\/\/ghelfi.com.ar\/pt\/wp-json\/wp\/v2\/types\/product"}],"wp:featuredmedia":[{"embeddable":true,"href":"https:\/\/ghelfi.com.ar\/pt\/wp-json\/wp\/v2\/media\/2323"}],"wp:attachment":[{"href":"https:\/\/ghelfi.com.ar\/pt\/wp-json\/wp\/v2\/media?parent=2321"}],"wp:term":[{"taxonomy":"product_brand","embeddable":true,"href":"https:\/\/ghelfi.com.ar\/pt\/wp-json\/wp\/v2\/product_brand?post=2321"},{"taxonomy":"product_cat","embeddable":true,"href":"https:\/\/ghelfi.com.ar\/pt\/wp-json\/wp\/v2\/product_cat?post=2321"},{"taxonomy":"product_tag","embeddable":true,"href":"https:\/\/ghelfi.com.ar\/pt\/wp-json\/wp\/v2\/product_tag?post=2321"}],"curies":[{"name":"wp","href":"https:\/\/api.w.org\/{rel}","templated":true}]}}