{"id":2297,"date":"2015-09-15T16:57:34","date_gmt":"2015-09-15T16:57:34","guid":{"rendered":"https:\/\/slateblue-koala-488807.hostingersite.com\/?post_type=product&#038;p=2297"},"modified":"2022-11-09T16:59:11","modified_gmt":"2022-11-09T16:59:11","slug":"tijera-de-cerco-250mm-10","status":"publish","type":"product","link":"https:\/\/ghelfi.com.ar\/pt\/producto\/tijera-de-cerco-250mm-10\/","title":{"rendered":"TIJERA DE PODA PARA CERCO"},"content":{"rendered":"<p>Ondulado rolou chapa de a\u00e7o.<\/p>\n<p>Al\u00e7a de alum\u00ednio 24 cent\u00edmetros.<\/p>\n<p>Aperto antiderrapantes injetado Bi-<\/p>","protected":false},"excerpt":{"rendered":"<p>Ondulado rolou chapa de a\u00e7o.<\/p>\n<p>Al\u00e7a de alum\u00ednio 24 cent\u00edmetros.<\/p>\n<p>Aperto antiderrapantes injetado Bi-<\/p>\n","protected":false},"featured_media":2299,"template":"","meta":[],"product_brand":[],"product_cat":[1341],"product_tag":[300,1237,1271],"class_list":{"0":"post-2297","1":"product","2":"type-product","3":"status-publish","4":"has-post-thumbnail","6":"product_cat-tijeras-de-poda-serruchos-hachas","7":"product_tag-cerco","8":"product_tag-tijera","9":"product_tag-tp600","11":"first","12":"instock","13":"virtual","14":"purchasable","15":"product-type-simple"},"_links":{"self":[{"href":"https:\/\/ghelfi.com.ar\/pt\/wp-json\/wp\/v2\/product\/2297","targetHints":{"allow":["GET"]}}],"collection":[{"href":"https:\/\/ghelfi.com.ar\/pt\/wp-json\/wp\/v2\/product"}],"about":[{"href":"https:\/\/ghelfi.com.ar\/pt\/wp-json\/wp\/v2\/types\/product"}],"wp:featuredmedia":[{"embeddable":true,"href":"https:\/\/ghelfi.com.ar\/pt\/wp-json\/wp\/v2\/media\/2299"}],"wp:attachment":[{"href":"https:\/\/ghelfi.com.ar\/pt\/wp-json\/wp\/v2\/media?parent=2297"}],"wp:term":[{"taxonomy":"product_brand","embeddable":true,"href":"https:\/\/ghelfi.com.ar\/pt\/wp-json\/wp\/v2\/product_brand?post=2297"},{"taxonomy":"product_cat","embeddable":true,"href":"https:\/\/ghelfi.com.ar\/pt\/wp-json\/wp\/v2\/product_cat?post=2297"},{"taxonomy":"product_tag","embeddable":true,"href":"https:\/\/ghelfi.com.ar\/pt\/wp-json\/wp\/v2\/product_tag?post=2297"}],"curies":[{"name":"wp","href":"https:\/\/api.w.org\/{rel}","templated":true}]}}