{"id":2261,"date":"2015-09-15T16:20:20","date_gmt":"2015-09-15T16:20:20","guid":{"rendered":"https:\/\/slateblue-koala-488807.hostingersite.com\/?post_type=product&#038;p=2261"},"modified":"2022-11-09T16:59:11","modified_gmt":"2022-11-09T16:59:11","slug":"repuesto-para-tp500-cuchilla","status":"publish","type":"product","link":"https:\/\/ghelfi.com.ar\/pt\/producto\/repuesto-para-tp500-cuchilla\/","title":{"rendered":"REPUESTO DE CUCHILLA PARA TP500"},"content":{"rendered":"<p>SUBSTITUI\u00c7\u00c3O DA L\u00c2MINA<\/p>","protected":false},"excerpt":{"rendered":"<p>SUBSTITUI\u00c7\u00c3O DA L\u00c2MINA<\/p>\n","protected":false},"featured_media":2255,"template":"","meta":[],"product_brand":[],"product_cat":[1341],"product_tag":[339,422,879,1017,1094,1237,1266,1267,1327],"class_list":{"0":"post-2261","1":"product","2":"type-product","3":"status-publish","4":"has-post-thumbnail","6":"product_cat-tijeras-de-poda-serruchos-hachas","7":"product_tag-cuchilla","8":"product_tag-doble","9":"product_tag-multiplicacion","10":"product_tag-poda","11":"product_tag-repuesto","12":"product_tag-tijera","13":"product_tag-tp500","14":"product_tag-tp500c","15":"product_tag-yunque","17":"first","18":"instock","19":"virtual","20":"purchasable","21":"product-type-simple"},"_links":{"self":[{"href":"https:\/\/ghelfi.com.ar\/pt\/wp-json\/wp\/v2\/product\/2261","targetHints":{"allow":["GET"]}}],"collection":[{"href":"https:\/\/ghelfi.com.ar\/pt\/wp-json\/wp\/v2\/product"}],"about":[{"href":"https:\/\/ghelfi.com.ar\/pt\/wp-json\/wp\/v2\/types\/product"}],"wp:featuredmedia":[{"embeddable":true,"href":"https:\/\/ghelfi.com.ar\/pt\/wp-json\/wp\/v2\/media\/2255"}],"wp:attachment":[{"href":"https:\/\/ghelfi.com.ar\/pt\/wp-json\/wp\/v2\/media?parent=2261"}],"wp:term":[{"taxonomy":"product_brand","embeddable":true,"href":"https:\/\/ghelfi.com.ar\/pt\/wp-json\/wp\/v2\/product_brand?post=2261"},{"taxonomy":"product_cat","embeddable":true,"href":"https:\/\/ghelfi.com.ar\/pt\/wp-json\/wp\/v2\/product_cat?post=2261"},{"taxonomy":"product_tag","embeddable":true,"href":"https:\/\/ghelfi.com.ar\/pt\/wp-json\/wp\/v2\/product_tag?post=2261"}],"curies":[{"name":"wp","href":"https:\/\/api.w.org\/{rel}","templated":true}]}}