{"id":2017,"date":"2015-09-07T23:41:12","date_gmt":"2015-09-07T23:41:12","guid":{"rendered":"https:\/\/slateblue-koala-488807.hostingersite.com\/?post_type=product&#038;p=2017"},"modified":"2022-11-09T16:51:07","modified_gmt":"2022-11-09T16:51:07","slug":"cepillo-alta-revoluciones-acero-ondulado-taza-75mm","status":"publish","type":"product","link":"https:\/\/ghelfi.com.ar\/pt\/producto\/cepillo-alta-revoluciones-acero-ondulado-taza-75mm\/","title":{"rendered":"CEPILLO ALTA REVOLUCIONES ACERO ONDULADO TAZA 75 MMTAZA 75MM"},"content":{"rendered":"<p><span id=\"result_box\" class=\"\" lang=\"pt\" tabindex=\"-1\"><span class=\"hps\">Para<\/span>: Remo\u00e7\u00e3o <span class=\"hps\">de ferrugem,<\/span> <span class=\"hps\">pintura e<\/span> <span class=\"hps\">ades\u00f5es<\/span> <span class=\"hps\">em geral.<\/span> <span class=\"hps\">Constru\u00e7\u00e3o met\u00e1lica<\/span>, a constru\u00e7\u00e3o naval, pedra <span class=\"hps\">e concreto.<\/span><\/span><\/p>\n<p><span class=\"hps\">Bronze<\/span> <span class=\"hps\">fio de a\u00e7o<\/span> <span class=\"hps\">corrugado<\/span> <span class=\"hps\">banhado a<\/span> <span class=\"hps\">0,3 mil\u00edmetros<\/span>.<\/p>\n<p><span class=\"hps\">Para<\/span> <span class=\"hps\">rebarbadoras<\/span>. <span class=\"hps\">Multirosca<\/span> <span class=\"hps\">M14<\/span> <span class=\"hps\">x 2<\/span> <span class=\"hps\">&#8211;<\/span> <span class=\"hps atn\">5\/8 &#8220;<\/span>X <span class=\"hps\">11.<\/span> <span class=\"hps\">A flexibilidade<\/span> <span class=\"hps\">e alto desempenho.<\/span><\/p>","protected":false},"excerpt":{"rendered":"<p><span id=\"result_box\" class=\"\" lang=\"pt\" tabindex=\"-1\"><span class=\"hps\">Para<\/span>: Remo\u00e7\u00e3o <span class=\"hps\">de ferrugem,<\/span> <span class=\"hps\">pintura e<\/span> <span class=\"hps\">ades\u00f5es<\/span> <span class=\"hps\">em geral.<\/span> <span class=\"hps\">Constru\u00e7\u00e3o met\u00e1lica<\/span>, a constru\u00e7\u00e3o naval, pedra <span class=\"hps\">e concreto.<\/span><\/span><\/p>\n<p><span class=\"hps\">Bronze<\/span> <span class=\"hps\">fio de a\u00e7o<\/span> <span class=\"hps\">corrugado<\/span> <span class=\"hps\">banhado a<\/span> <span class=\"hps\">0,3 mil\u00edmetros<\/span>.<\/p>\n<p><span class=\"hps\">Para<\/span> <span class=\"hps\">rebarbadoras<\/span>. <span class=\"hps\">Multirosca<\/span> <span class=\"hps\">M14<\/span> <span class=\"hps\">x 2<\/span> <span class=\"hps\">&#8211;<\/span> <span class=\"hps atn\">5\/8 &#8220;<\/span>X <span class=\"hps\">11.<\/span> <span class=\"hps\">A flexibilidade<\/span> <span class=\"hps\">e alto desempenho.<\/span><\/p>\n","protected":false},"featured_media":2015,"template":"","meta":[],"product_brand":[],"product_cat":[1339],"product_tag":[145,162,297,675,947,1101,1226],"class_list":{"0":"post-2017","1":"product","2":"type-product","3":"status-publish","4":"has-post-thumbnail","6":"product_cat-cepillos-de-alambre-circular-espiga-acero-ondulado-retorcido-taladro-amoladora-altas-revoluciones","7":"product_tag-acero","8":"product_tag-alta","9":"product_tag-cepillo","10":"product_tag-fho75","11":"product_tag-ondulado","12":"product_tag-revoluciones","13":"product_tag-taza","15":"first","16":"instock","17":"virtual","18":"purchasable","19":"product-type-simple"},"_links":{"self":[{"href":"https:\/\/ghelfi.com.ar\/pt\/wp-json\/wp\/v2\/product\/2017","targetHints":{"allow":["GET"]}}],"collection":[{"href":"https:\/\/ghelfi.com.ar\/pt\/wp-json\/wp\/v2\/product"}],"about":[{"href":"https:\/\/ghelfi.com.ar\/pt\/wp-json\/wp\/v2\/types\/product"}],"wp:featuredmedia":[{"embeddable":true,"href":"https:\/\/ghelfi.com.ar\/pt\/wp-json\/wp\/v2\/media\/2015"}],"wp:attachment":[{"href":"https:\/\/ghelfi.com.ar\/pt\/wp-json\/wp\/v2\/media?parent=2017"}],"wp:term":[{"taxonomy":"product_brand","embeddable":true,"href":"https:\/\/ghelfi.com.ar\/pt\/wp-json\/wp\/v2\/product_brand?post=2017"},{"taxonomy":"product_cat","embeddable":true,"href":"https:\/\/ghelfi.com.ar\/pt\/wp-json\/wp\/v2\/product_cat?post=2017"},{"taxonomy":"product_tag","embeddable":true,"href":"https:\/\/ghelfi.com.ar\/pt\/wp-json\/wp\/v2\/product_tag?post=2017"}],"curies":[{"name":"wp","href":"https:\/\/api.w.org\/{rel}","templated":true}]}}