{"id":1683,"date":"2015-09-02T14:49:38","date_gmt":"2015-09-02T14:49:38","guid":{"rendered":"https:\/\/slateblue-koala-488807.hostingersite.com\/?post_type=product&#038;p=1683"},"modified":"2022-11-09T16:45:32","modified_gmt":"2022-11-09T16:45:32","slug":"disco-lamina-oxido-de-aluminio-grano-60","status":"publish","type":"product","link":"https:\/\/ghelfi.com.ar\/pt\/producto\/disco-lamina-oxido-de-aluminio-grano-60\/","title":{"rendered":"DISCO FLAP OXIDO DE ALUMINIO 115 MM GRANO 60"},"content":{"rendered":"<p>Para: afia\u00e7\u00e3o e polimento de a\u00e7o inoxid\u00e1vel, metais ferrosos e n\u00e3o-ferrosos.<br \/>\nMaterial: alum\u00ednio de fibra de vidro de \u00f3xido de amortecimento.<br \/>\nInfo: Buraco 22.23 mm de alta performance. Abrasividade constante. Vida longa. Impede a queima da pe\u00e7a.<\/p>","protected":false},"excerpt":{"rendered":"<p>Para: afia\u00e7\u00e3o e polimento de a\u00e7o inoxid\u00e1vel, metais ferrosos e n\u00e3o-ferrosos.<br \/>\nMaterial: alum\u00ednio de fibra de vidro de \u00f3xido de amortecimento.<br \/>\nInfo: Buraco 22.23 mm de alta performance. Abrasividade constante. Vida longa. Impede a queima da pe\u00e7a.<\/p>\n","protected":false},"featured_media":1681,"template":"","meta":[],"product_brand":[],"product_cat":[1346],"product_tag":[164,381,410,685,706,744,948],"class_list":{"0":"post-1683","1":"product","2":"type-product","3":"status-publish","4":"has-post-thumbnail","6":"product_cat-arcos-de-sierra-flaps-y-lijas","7":"product_tag-alumino","8":"product_tag-df1060","9":"product_tag-disco","10":"product_tag-flaps","11":"product_tag-grano","12":"product_tag-lamina","13":"product_tag-oxido","15":"first","16":"instock","17":"virtual","18":"purchasable","19":"product-type-simple"},"_links":{"self":[{"href":"https:\/\/ghelfi.com.ar\/pt\/wp-json\/wp\/v2\/product\/1683","targetHints":{"allow":["GET"]}}],"collection":[{"href":"https:\/\/ghelfi.com.ar\/pt\/wp-json\/wp\/v2\/product"}],"about":[{"href":"https:\/\/ghelfi.com.ar\/pt\/wp-json\/wp\/v2\/types\/product"}],"wp:featuredmedia":[{"embeddable":true,"href":"https:\/\/ghelfi.com.ar\/pt\/wp-json\/wp\/v2\/media\/1681"}],"wp:attachment":[{"href":"https:\/\/ghelfi.com.ar\/pt\/wp-json\/wp\/v2\/media?parent=1683"}],"wp:term":[{"taxonomy":"product_brand","embeddable":true,"href":"https:\/\/ghelfi.com.ar\/pt\/wp-json\/wp\/v2\/product_brand?post=1683"},{"taxonomy":"product_cat","embeddable":true,"href":"https:\/\/ghelfi.com.ar\/pt\/wp-json\/wp\/v2\/product_cat?post=1683"},{"taxonomy":"product_tag","embeddable":true,"href":"https:\/\/ghelfi.com.ar\/pt\/wp-json\/wp\/v2\/product_tag?post=1683"}],"curies":[{"name":"wp","href":"https:\/\/api.w.org\/{rel}","templated":true}]}}