{"id":1659,"date":"2015-09-02T14:30:57","date_gmt":"2015-09-02T14:30:57","guid":{"rendered":"https:\/\/slateblue-koala-488807.hostingersite.com\/?post_type=product&#038;p=1659"},"modified":"2022-11-09T16:45:44","modified_gmt":"2022-11-09T16:45:44","slug":"disco-lamina-flaps-zirconio-115mm-grano-40","status":"publish","type":"product","link":"https:\/\/ghelfi.com.ar\/pt\/producto\/disco-lamina-flaps-zirconio-115mm-grano-40\/","title":{"rendered":"DISCO FLAP ZIRCONIO 115 MM GRANO 40"},"content":{"rendered":"<p>Para: afia\u00e7\u00e3o e polimento de a\u00e7o inoxid\u00e1vel, metais ferrosos e n\u00e3o-ferrosos.<br \/>\nMaterial: Zirc\u00f4nio com almofada de fibra de vidro.<br \/>\nInfo: Buraco 22.23 mm de alta performance. Abrasividade constante. Vida longa. Impede a queima da pe\u00e7a.<\/p>","protected":false},"excerpt":{"rendered":"<p>Para: afia\u00e7\u00e3o e polimento de a\u00e7o inoxid\u00e1vel, metais ferrosos e n\u00e3o-ferrosos.<br \/>\nMaterial: Zirc\u00f4nio com almofada de fibra de vidro.<br \/>\nInfo: Buraco 22.23 mm de alta performance. Abrasividade constante. Vida longa. Impede a queima da pe\u00e7a.<\/p>\n","protected":false},"featured_media":1661,"template":"","meta":[],"product_brand":[],"product_cat":[1346],"product_tag":[391,410,685,744,1328],"class_list":{"0":"post-1659","1":"product","2":"type-product","3":"status-publish","4":"has-post-thumbnail","6":"product_cat-arcos-de-sierra-flaps-y-lijas","7":"product_tag-dfz1040","8":"product_tag-disco","9":"product_tag-flaps","10":"product_tag-lamina","11":"product_tag-zirconio","13":"first","14":"instock","15":"virtual","16":"purchasable","17":"product-type-simple"},"_links":{"self":[{"href":"https:\/\/ghelfi.com.ar\/pt\/wp-json\/wp\/v2\/product\/1659","targetHints":{"allow":["GET"]}}],"collection":[{"href":"https:\/\/ghelfi.com.ar\/pt\/wp-json\/wp\/v2\/product"}],"about":[{"href":"https:\/\/ghelfi.com.ar\/pt\/wp-json\/wp\/v2\/types\/product"}],"wp:featuredmedia":[{"embeddable":true,"href":"https:\/\/ghelfi.com.ar\/pt\/wp-json\/wp\/v2\/media\/1661"}],"wp:attachment":[{"href":"https:\/\/ghelfi.com.ar\/pt\/wp-json\/wp\/v2\/media?parent=1659"}],"wp:term":[{"taxonomy":"product_brand","embeddable":true,"href":"https:\/\/ghelfi.com.ar\/pt\/wp-json\/wp\/v2\/product_brand?post=1659"},{"taxonomy":"product_cat","embeddable":true,"href":"https:\/\/ghelfi.com.ar\/pt\/wp-json\/wp\/v2\/product_cat?post=1659"},{"taxonomy":"product_tag","embeddable":true,"href":"https:\/\/ghelfi.com.ar\/pt\/wp-json\/wp\/v2\/product_tag?post=1659"}],"curies":[{"name":"wp","href":"https:\/\/api.w.org\/{rel}","templated":true}]}}