{"id":1651,"date":"2015-09-02T14:13:09","date_gmt":"2015-09-02T14:13:09","guid":{"rendered":"https:\/\/slateblue-koala-488807.hostingersite.com\/?post_type=product&#038;p=1651"},"modified":"2022-11-09T16:42:09","modified_gmt":"2022-11-09T16:42:09","slug":"hoja-arco-de-sierra-300mm-18-dientes","status":"publish","type":"product","link":"https:\/\/ghelfi.com.ar\/pt\/producto\/hoja-arco-de-sierra-300mm-18-dientes\/","title":{"rendered":"HOJA DE SIERRA 300 MM 18 DIENTES BIMET\u00c1LICA"},"content":{"rendered":"<p>Info: bi Leaf &#8211; metal. Box pl\u00e1stico Cont\u00e9m 100 folhas.<\/p>","protected":false},"excerpt":{"rendered":"<p>Info: bi Leaf &#8211; metal. Box pl\u00e1stico Cont\u00e9m 100 folhas.<\/p>\n","protected":false},"featured_media":1653,"template":"","meta":[],"product_brand":[],"product_cat":[1346],"product_tag":[50,86,181,188,721,1094,1141],"class_list":{"0":"post-1651","1":"product","2":"type-product","3":"status-publish","4":"has-post-thumbnail","6":"product_cat-arcos-de-sierra-flaps-y-lijas","7":"product_tag-18-dientes","8":"product_tag-300mm","9":"product_tag-arco","10":"product_tag-as23","11":"product_tag-hoja","12":"product_tag-repuesto","13":"product_tag-sierra","15":"first","16":"instock","17":"virtual","18":"purchasable","19":"product-type-simple"},"_links":{"self":[{"href":"https:\/\/ghelfi.com.ar\/pt\/wp-json\/wp\/v2\/product\/1651","targetHints":{"allow":["GET"]}}],"collection":[{"href":"https:\/\/ghelfi.com.ar\/pt\/wp-json\/wp\/v2\/product"}],"about":[{"href":"https:\/\/ghelfi.com.ar\/pt\/wp-json\/wp\/v2\/types\/product"}],"wp:featuredmedia":[{"embeddable":true,"href":"https:\/\/ghelfi.com.ar\/pt\/wp-json\/wp\/v2\/media\/1653"}],"wp:attachment":[{"href":"https:\/\/ghelfi.com.ar\/pt\/wp-json\/wp\/v2\/media?parent=1651"}],"wp:term":[{"taxonomy":"product_brand","embeddable":true,"href":"https:\/\/ghelfi.com.ar\/pt\/wp-json\/wp\/v2\/product_brand?post=1651"},{"taxonomy":"product_cat","embeddable":true,"href":"https:\/\/ghelfi.com.ar\/pt\/wp-json\/wp\/v2\/product_cat?post=1651"},{"taxonomy":"product_tag","embeddable":true,"href":"https:\/\/ghelfi.com.ar\/pt\/wp-json\/wp\/v2\/product_tag?post=1651"}],"curies":[{"name":"wp","href":"https:\/\/api.w.org\/{rel}","templated":true}]}}