{"id":1647,"date":"2015-09-02T14:08:49","date_gmt":"2015-09-02T14:08:49","guid":{"rendered":"https:\/\/slateblue-koala-488807.hostingersite.com\/?post_type=product&#038;p=1647"},"modified":"2022-11-09T16:42:08","modified_gmt":"2022-11-09T16:42:08","slug":"arco-de-sierra-tubular-junior-150mm-acero","status":"publish","type":"product","link":"https:\/\/ghelfi.com.ar\/pt\/producto\/arco-de-sierra-tubular-junior-150mm-acero\/","title":{"rendered":"ARCO DE SIERRA TUBULAR JUNIOR 150 MM"},"content":{"rendered":"<p>L\u00e2mina de a\u00e7o 150 mil\u00edmetros.<\/p>\n<p>Folha de ajuste da tens\u00e3o.<\/p>\n<p>Estrutura de a\u00e7o endurecido.<\/p>\n<p>PVC lidar com alto impacto.<\/p>\n<p>Design ergon\u00f4mico.<\/p>","protected":false},"excerpt":{"rendered":"<p>L\u00e2mina de a\u00e7o 150 mil\u00edmetros.<\/p>\n<p>Folha de ajuste da tens\u00e3o.<\/p>\n<p>Estrutura de a\u00e7o endurecido.<\/p>\n<p>PVC lidar com alto impacto.<\/p>\n<p>Design ergon\u00f4mico.<\/p>\n","protected":false},"featured_media":1649,"template":"","meta":[],"product_brand":[],"product_cat":[1346],"product_tag":[43,145,181,186,740,1141,1278],"class_list":{"0":"post-1647","1":"product","2":"type-product","3":"status-publish","4":"has-post-thumbnail","6":"product_cat-arcos-de-sierra-flaps-y-lijas","7":"product_tag-150mm","8":"product_tag-acero","9":"product_tag-arco","10":"product_tag-as11","11":"product_tag-junior","12":"product_tag-sierra","13":"product_tag-tubular","15":"first","16":"instock","17":"virtual","18":"purchasable","19":"product-type-simple"},"_links":{"self":[{"href":"https:\/\/ghelfi.com.ar\/pt\/wp-json\/wp\/v2\/product\/1647","targetHints":{"allow":["GET"]}}],"collection":[{"href":"https:\/\/ghelfi.com.ar\/pt\/wp-json\/wp\/v2\/product"}],"about":[{"href":"https:\/\/ghelfi.com.ar\/pt\/wp-json\/wp\/v2\/types\/product"}],"wp:featuredmedia":[{"embeddable":true,"href":"https:\/\/ghelfi.com.ar\/pt\/wp-json\/wp\/v2\/media\/1649"}],"wp:attachment":[{"href":"https:\/\/ghelfi.com.ar\/pt\/wp-json\/wp\/v2\/media?parent=1647"}],"wp:term":[{"taxonomy":"product_brand","embeddable":true,"href":"https:\/\/ghelfi.com.ar\/pt\/wp-json\/wp\/v2\/product_brand?post=1647"},{"taxonomy":"product_cat","embeddable":true,"href":"https:\/\/ghelfi.com.ar\/pt\/wp-json\/wp\/v2\/product_cat?post=1647"},{"taxonomy":"product_tag","embeddable":true,"href":"https:\/\/ghelfi.com.ar\/pt\/wp-json\/wp\/v2\/product_tag?post=1647"}],"curies":[{"name":"wp","href":"https:\/\/api.w.org\/{rel}","templated":true}]}}