{"id":1503,"date":"2015-08-27T00:29:35","date_gmt":"2015-08-27T00:29:35","guid":{"rendered":"https:\/\/slateblue-koala-488807.hostingersite.com\/?post_type=product&#038;p=1503"},"modified":"2022-11-09T16:57:16","modified_gmt":"2022-11-09T16:57:16","slug":"remachadora-industrial-extrafuerte-530mm-21","status":"publish","type":"product","link":"https:\/\/ghelfi.com.ar\/pt\/producto\/remachadora-industrial-extrafuerte-530mm-21\/","title":{"rendered":"REMACHADORA INDUSTRIAL EXTRAFUERTE 530 MM 21&#8243;"},"content":{"rendered":"<p><span id=\"result_box\" class=\"\" lang=\"pt\" tabindex=\"-1\"><span class=\"hps\">Projetado para<\/span> <span class=\"hps\">servi\u00e7os pesados<\/span>.<\/p>\n<p><span class=\"hps\">Corpo de alum\u00ednio<\/span>. <span class=\"hps\">Al\u00e7as de a\u00e7o<\/span> <span class=\"hps\">folha<\/span> <span class=\"hps\">e<\/span> <span class=\"hps\">gripos<\/span> <span class=\"hps\">anat\u00f4micas<\/span>.<\/p>\n<p><span class=\"hps\">Extra<\/span> <span class=\"hps\">forte<\/span>. <span class=\"hps\">Ele inclui<\/span> <span class=\"hps\">o desarmamento<\/span> <span class=\"hps\">chave.<\/span> <span class=\"hps\">Pe\u00e7as de reposi\u00e7\u00e3o originais<\/span> <span class=\"hps\">dispon\u00edveis.<\/span> <span class=\"hps\">Em<\/span> <span class=\"hps\">blister<\/span>.<\/p>\n<p><span class=\"hps\">Para<\/span> <span class=\"hps\">rebites<\/span>: 3.5 <span class=\"hps\">mm &#8211;<\/span> <span class=\"hps atn\">1\/8 &#8220;<\/span>, em 4 <span class=\"hps\">mm &#8211;<\/span> <span class=\"hps\">5\/32&#8243;<\/span>, 4,8 <span class=\"hps\">mm &#8211;<\/span> <span class=\"hps\">3,16<\/span> <span class=\"hps atn\">&#8220;<\/span>, a 6 <span class=\"hps\">mm &#8211;<\/span> <span class=\"hps\">4\/16<\/span>&#8221; <span class=\"hps\">e 6,4<\/span> <span class=\"hps\">mm &#8211;<\/span> <span class=\"hps atn\">1.4 &#8220;<\/span><\/span><\/p>","protected":false},"excerpt":{"rendered":"<p><span id=\"result_box\" class=\"\" lang=\"pt\" tabindex=\"-1\"><span class=\"hps\">Projetado para<\/span> <span class=\"hps\">servi\u00e7os pesados<\/span>.<\/p>\n<p><span class=\"hps\">Corpo de alum\u00ednio<\/span>. <span class=\"hps\">Al\u00e7as de a\u00e7o<\/span> <span class=\"hps\">folha<\/span> <span class=\"hps\">e<\/span> <span class=\"hps\">gripos<\/span> <span class=\"hps\">anat\u00f4micas<\/span>.<\/p>\n<p><span class=\"hps\">Extra<\/span> <span class=\"hps\">forte<\/span>. <span class=\"hps\">Ele inclui<\/span> <span class=\"hps\">o desarmamento<\/span> <span class=\"hps\">chave.<\/span> <span class=\"hps\">Pe\u00e7as de reposi\u00e7\u00e3o originais<\/span> <span class=\"hps\">dispon\u00edveis.<\/span> <span class=\"hps\">Em<\/span> <span class=\"hps\">blister<\/span>.<\/p>\n<p><span class=\"hps\">Para<\/span> <span class=\"hps\">rebites<\/span>: 3.5 <span class=\"hps\">mm &#8211;<\/span> <span class=\"hps atn\">1\/8 &#8220;<\/span>, em 4 <span class=\"hps\">mm &#8211;<\/span> <span class=\"hps\">5\/32&#8243;<\/span>, 4,8 <span class=\"hps\">mm &#8211;<\/span> <span class=\"hps\">3,16<\/span> <span class=\"hps atn\">&#8220;<\/span>, a 6 <span class=\"hps\">mm &#8211;<\/span> <span class=\"hps\">4\/16<\/span>&#8221; <span class=\"hps\">e 6,4<\/span> <span class=\"hps\">mm &#8211;<\/span> <span class=\"hps atn\">1.4 &#8220;<\/span><\/span><\/p>\n","protected":false},"featured_media":1505,"template":"","meta":[],"product_brand":[],"product_cat":[1334],"product_tag":[59,109,649,729,1092,1093,1106],"class_list":{"0":"post-1503","1":"product","2":"type-product","3":"status-publish","4":"has-post-thumbnail","6":"product_cat-martillos-macetas-y-piquetas","7":"product_tag-59","8":"product_tag-530mm","9":"product_tag-extrafuerte","10":"product_tag-industrial","11":"product_tag-remachadoras","12":"product_tag-remaches","13":"product_tag-rm2c","15":"first","16":"instock","17":"virtual","18":"purchasable","19":"product-type-simple"},"_links":{"self":[{"href":"https:\/\/ghelfi.com.ar\/pt\/wp-json\/wp\/v2\/product\/1503","targetHints":{"allow":["GET"]}}],"collection":[{"href":"https:\/\/ghelfi.com.ar\/pt\/wp-json\/wp\/v2\/product"}],"about":[{"href":"https:\/\/ghelfi.com.ar\/pt\/wp-json\/wp\/v2\/types\/product"}],"wp:featuredmedia":[{"embeddable":true,"href":"https:\/\/ghelfi.com.ar\/pt\/wp-json\/wp\/v2\/media\/1505"}],"wp:attachment":[{"href":"https:\/\/ghelfi.com.ar\/pt\/wp-json\/wp\/v2\/media?parent=1503"}],"wp:term":[{"taxonomy":"product_brand","embeddable":true,"href":"https:\/\/ghelfi.com.ar\/pt\/wp-json\/wp\/v2\/product_brand?post=1503"},{"taxonomy":"product_cat","embeddable":true,"href":"https:\/\/ghelfi.com.ar\/pt\/wp-json\/wp\/v2\/product_cat?post=1503"},{"taxonomy":"product_tag","embeddable":true,"href":"https:\/\/ghelfi.com.ar\/pt\/wp-json\/wp\/v2\/product_tag?post=1503"}],"curies":[{"name":"wp","href":"https:\/\/api.w.org\/{rel}","templated":true}]}}