{"id":1497,"date":"2015-08-27T00:19:02","date_gmt":"2015-08-27T00:19:02","guid":{"rendered":"https:\/\/slateblue-koala-488807.hostingersite.com\/?post_type=product&#038;p=1497"},"modified":"2022-11-09T16:57:15","modified_gmt":"2022-11-09T16:57:15","slug":"remachadora-liviana-250mm-10","status":"publish","type":"product","link":"https:\/\/ghelfi.com.ar\/pt\/producto\/remachadora-liviana-250mm-10\/","title":{"rendered":"REMACHADORA LIVIANA 250 MM 10&#8243;"},"content":{"rendered":"<p><span id=\"result_box\" class=\"\" lang=\"pt\" tabindex=\"-1\"><span class=\"hps\">Ligeiros<\/span>.<\/p>\n<p><span class=\"hps\">Material:<\/span> <span class=\"hps\">Corpo de<\/span> <span class=\"hps\">alum\u00ednio e<\/span> <span class=\"hps\">folha.<\/span> <span class=\"hps\">Ergonomicamente projetado<\/span> <span class=\"hps\">al\u00e7as com<\/span> <span class=\"hps\">fechadura.<\/span> <span class=\"hps\">3 cores<\/span>.<\/p>\n<p><span class=\"hps\">Pe\u00e7as de reposi\u00e7\u00e3o originais<\/span> <span class=\"hps\">dispon\u00edveis.<\/span> <span class=\"hps\">Em<\/span> <span class=\"hps\">blister<\/span>.<\/p>\n<p><span class=\"hps\">Rebite<\/span> <span class=\"hps\">2.4<\/span> <span class=\"hps\">mm<\/span> <span class=\"hps\">&#8211;<\/span> <span class=\"hps\">3\/32<\/span> <span class=\"hps atn\">&#8220;<\/span>, <span class=\"hps\">3,5<\/span> <span class=\"hps\">mm<\/span> <span class=\"hps\">&#8211;<\/span> <span class=\"hps\">1\/8<\/span>&#8220;, <span class=\"hps\">4<\/span> <span class=\"hps\">mm<\/span> <span class=\"hps\">&#8211;<\/span> <span class=\"hps\">5\/32<\/span> <span class=\"hps atn\">&#8220;<\/span>e 5 mm <span class=\"hps\">&#8211;<\/span> <span class=\"hps\">3\/16<\/span>&#8220;<\/span><\/p>","protected":false},"excerpt":{"rendered":"<p><span id=\"result_box\" class=\"\" lang=\"pt\" tabindex=\"-1\"><span class=\"hps\">Ligeiros<\/span>.<\/p>\n<p><span class=\"hps\">Material:<\/span> <span class=\"hps\">Corpo de<\/span> <span class=\"hps\">alum\u00ednio e<\/span> <span class=\"hps\">folha.<\/span> <span class=\"hps\">Ergonomicamente projetado<\/span> <span class=\"hps\">al\u00e7as com<\/span> <span class=\"hps\">fechadura.<\/span> <span class=\"hps\">3 cores<\/span>.<\/p>\n<p><span class=\"hps\">Pe\u00e7as de reposi\u00e7\u00e3o originais<\/span> <span class=\"hps\">dispon\u00edveis.<\/span> <span class=\"hps\">Em<\/span> <span class=\"hps\">blister<\/span>.<\/p>\n<p><span class=\"hps\">Rebite<\/span> <span class=\"hps\">2.4<\/span> <span class=\"hps\">mm<\/span> <span class=\"hps\">&#8211;<\/span> <span class=\"hps\">3\/32<\/span> <span class=\"hps atn\">&#8220;<\/span>, <span class=\"hps\">3,5<\/span> <span class=\"hps\">mm<\/span> <span class=\"hps\">&#8211;<\/span> <span class=\"hps\">1\/8<\/span>&#8220;, <span class=\"hps\">4<\/span> <span class=\"hps\">mm<\/span> <span class=\"hps\">&#8211;<\/span> <span class=\"hps\">5\/32<\/span> <span class=\"hps atn\">&#8220;<\/span>e 5 mm <span class=\"hps\">&#8211;<\/span> <span class=\"hps\">3\/16<\/span>&#8220;<\/span><\/p>\n","protected":false},"featured_media":1499,"template":"","meta":[],"product_brand":[],"product_cat":[1334],"product_tag":[322,753,1092,1093,1104],"class_list":{"0":"post-1497","1":"product","2":"type-product","3":"status-publish","4":"has-post-thumbnail","6":"product_cat-martillos-macetas-y-piquetas","7":"product_tag-comun","8":"product_tag-liviana","9":"product_tag-remachadoras","10":"product_tag-remaches","11":"product_tag-rm1c","13":"first","14":"instock","15":"virtual","16":"purchasable","17":"product-type-simple"},"_links":{"self":[{"href":"https:\/\/ghelfi.com.ar\/pt\/wp-json\/wp\/v2\/product\/1497","targetHints":{"allow":["GET"]}}],"collection":[{"href":"https:\/\/ghelfi.com.ar\/pt\/wp-json\/wp\/v2\/product"}],"about":[{"href":"https:\/\/ghelfi.com.ar\/pt\/wp-json\/wp\/v2\/types\/product"}],"wp:featuredmedia":[{"embeddable":true,"href":"https:\/\/ghelfi.com.ar\/pt\/wp-json\/wp\/v2\/media\/1499"}],"wp:attachment":[{"href":"https:\/\/ghelfi.com.ar\/pt\/wp-json\/wp\/v2\/media?parent=1497"}],"wp:term":[{"taxonomy":"product_brand","embeddable":true,"href":"https:\/\/ghelfi.com.ar\/pt\/wp-json\/wp\/v2\/product_brand?post=1497"},{"taxonomy":"product_cat","embeddable":true,"href":"https:\/\/ghelfi.com.ar\/pt\/wp-json\/wp\/v2\/product_cat?post=1497"},{"taxonomy":"product_tag","embeddable":true,"href":"https:\/\/ghelfi.com.ar\/pt\/wp-json\/wp\/v2\/product_tag?post=1497"}],"curies":[{"name":"wp","href":"https:\/\/api.w.org\/{rel}","templated":true}]}}