{"id":1047,"date":"2015-08-25T18:36:57","date_gmt":"2015-08-25T18:36:57","guid":{"rendered":"https:\/\/slateblue-koala-488807.hostingersite.com\/?post_type=product&#038;p=1047"},"modified":"2022-11-09T16:45:46","modified_gmt":"2022-11-09T16:45:46","slug":"aislado-phillips-ph1-x100-mm","status":"publish","type":"product","link":"https:\/\/ghelfi.com.ar\/pt\/producto\/aislado-phillips-ph1-x100-mm\/","title":{"rendered":"DESTORNILLADOR AISLADO PHILLIPS PH1 X 100 MM"},"content":{"rendered":"<p>Varilla de acero Cromo Molibdeno Vanadio, redonda, mecanizada con tratamiento t\u00e9rmico.<br \/>\nTerminaci\u00f3n satinada anticorrosi\u00f3n.<br \/>\nCabo ergonom\u00e9trico bi-inyectado.<br \/>\nPunta fosfatizada imantada.<br \/>\nAislasi\u00f3n soporta hasta 1000V.<br \/>\nColores seg\u00fan normas de seguridad.<br \/>\nCabo anat\u00f3mico tricapa: polipropileno, pl\u00e1stico suave e inyecci\u00f3n de goma.<br \/>\nCabo con indicaci\u00f3n de la punta.<br \/>\nAgujero para colgar. Con etiqueta.<\/p>\n","protected":false},"excerpt":{"rendered":"<p>Varilla de acero Cromo Molibdeno Vanadio, redonda, mecanizada con tratamiento t\u00e9rmico. Terminaci\u00f3n satinada anticorrosi\u00f3n. Cabo ergonom\u00e9trico bi-inyectado. Punta fosfatizada imantada. Aislasi\u00f3n soporta hasta 1000V. Colores seg\u00fan normas de seguridad. Cabo anat\u00f3mico tricapa: polipropileno, pl\u00e1stico suave e inyecci\u00f3n de goma. Cabo con indicaci\u00f3n de la punta. Agujero para colgar. Con etiqueta.<\/p>\n","protected":false},"featured_media":3610,"template":"","meta":[],"product_brand":[],"product_cat":[1332],"product_tag":[20,150,364,378,989,992],"class_list":{"0":"post-1047","1":"product","2":"type-product","3":"status-publish","4":"has-post-thumbnail","6":"product_cat-destornilladores-y-puntas","7":"product_tag-100mm","8":"product_tag-aislado","9":"product_tag-dah1","10":"product_tag-destornillador","11":"product_tag-ph1","12":"product_tag-phillips","14":"first","15":"instock","16":"virtual","17":"purchasable","18":"product-type-simple"},"_links":{"self":[{"href":"https:\/\/ghelfi.com.ar\/pt\/wp-json\/wp\/v2\/product\/1047","targetHints":{"allow":["GET"]}}],"collection":[{"href":"https:\/\/ghelfi.com.ar\/pt\/wp-json\/wp\/v2\/product"}],"about":[{"href":"https:\/\/ghelfi.com.ar\/pt\/wp-json\/wp\/v2\/types\/product"}],"wp:featuredmedia":[{"embeddable":true,"href":"https:\/\/ghelfi.com.ar\/pt\/wp-json\/wp\/v2\/media\/3610"}],"wp:attachment":[{"href":"https:\/\/ghelfi.com.ar\/pt\/wp-json\/wp\/v2\/media?parent=1047"}],"wp:term":[{"taxonomy":"product_brand","embeddable":true,"href":"https:\/\/ghelfi.com.ar\/pt\/wp-json\/wp\/v2\/product_brand?post=1047"},{"taxonomy":"product_cat","embeddable":true,"href":"https:\/\/ghelfi.com.ar\/pt\/wp-json\/wp\/v2\/product_cat?post=1047"},{"taxonomy":"product_tag","embeddable":true,"href":"https:\/\/ghelfi.com.ar\/pt\/wp-json\/wp\/v2\/product_tag?post=1047"}],"curies":[{"name":"wp","href":"https:\/\/api.w.org\/{rel}","templated":true}]}}